{"id":1841,"date":"2021-06-28T22:58:31","date_gmt":"2021-06-29T02:58:31","guid":{"rendered":"https:\/\/mybandino.com\/products\/non%20class\u00e9\/royal\/"},"modified":"2023-01-31T18:28:11","modified_gmt":"2023-01-31T23:28:11","slug":"royal","status":"publish","type":"product","link":"https:\/\/mybandino.com\/fr\/products\/everyday\/royal\/","title":{"rendered":"Bandeau EVERYDAY royal"},"content":{"rendered":"","protected":false},"excerpt":{"rendered":"<p>Con\u00e7us avec notre tissu le plus doux, les bandeaux pour le cou de la collection Bandino EVERYDAY sont tr\u00e8s confortables. Vous pouvez porter le bandeau du matin au soir et m\u00eame oublier qu&rsquo;il est l\u00e0! Compos\u00e9 de 87\u00a0% nylon et 13\u00a0% \u00e9lasthanne (spandex), les bandeaux de notre collection EVERYDAY sont \u00e9galement confortables \u00e0 porter lorsqu\u2019on pratique une activit\u00e9 physique. \u00c9tant donn\u00e9 qu&rsquo;il s&rsquo;agit de notre bandeau le plus polyvalent, nous vous recommandons d&rsquo;en avoir au moins quelques-uns dans votre collection!<\/p>\n<p>Entretien recommand\u00e9\u00a0: Laver \u00e0 la main \u00e0 l&rsquo;eau froide, suspendre pour s\u00e9cher.<\/p>\n","protected":false},"featured_media":1643,"comment_status":"open","ping_status":"closed","template":"","meta":{"_acf_changed":false},"product_brand":[],"product_cat":[50],"product_tag":[],"class_list":{"0":"post-1841","1":"product","2":"type-product","3":"status-publish","4":"has-post-thumbnail","6":"product_cat-everyday","8":"first","9":"instock","10":"taxable","11":"shipping-taxable","12":"purchasable","13":"product-type-simple"},"composite_virtual":false,"composite_layout":"","composite_add_to_cart_form_location":"","composite_editable_in_cart":false,"composite_sold_individually_context":"","composite_shop_price_calc":"","composite_components":[],"composite_scenarios":[],"bundled_by":["1827","1829"],"bundle_stock_status":"instock","bundle_stock_quantity":34,"bundle_virtual":false,"bundle_layout":"","bundle_add_to_cart_form_location":"","bundle_editable_in_cart":false,"bundle_sold_individually_context":"","bundle_item_grouping":"","bundle_min_size":"","bundle_max_size":"","bundle_price":[],"bundled_items":[],"bundle_sell_ids":[],"acf":[],"yoast_head":"<!-- This site is optimized with the Yoast SEO plugin v27.2 - https:\/\/yoast.com\/product\/yoast-seo-wordpress\/ -->\n<title>Bandeau EVERYDAY royal - Bandino<\/title>\n<meta name=\"robots\" content=\"index, follow, max-snippet:-1, max-image-preview:large, max-video-preview:-1\" \/>\n<link rel=\"canonical\" href=\"https:\/\/mybandino.com\/fr\/products\/everyday\/royal\/\" \/>\n<meta property=\"og:locale\" content=\"fr_FR\" \/>\n<meta property=\"og:type\" content=\"article\" \/>\n<meta property=\"og:title\" content=\"Bandeau EVERYDAY royal - Bandino\" \/>\n<meta property=\"og:description\" content=\"Con\u00e7us avec notre tissu le plus doux, les bandeaux pour le cou de la collection Bandino EVERYDAY sont tr\u00e8s confortables. Vous pouvez porter le bandeau du matin au soir et m\u00eame oublier qu&#039;il est l\u00e0! Compos\u00e9 de 87\u00a0% nylon et 13\u00a0% \u00e9lasthanne (spandex), les bandeaux de notre collection EVERYDAY sont \u00e9galement confortables \u00e0 porter lorsqu\u2019on pratique une activit\u00e9 physique. \u00c9tant donn\u00e9 qu&#039;il s&#039;agit de notre bandeau le plus polyvalent, nous vous recommandons d&#039;en avoir au moins quelques-uns dans votre collection!  Entretien recommand\u00e9\u00a0: Laver \u00e0 la main \u00e0 l&#039;eau froide, suspendre pour s\u00e9cher.\" \/>\n<meta property=\"og:url\" content=\"https:\/\/mybandino.com\/fr\/products\/everyday\/royal\/\" \/>\n<meta property=\"og:site_name\" content=\"Bandino\" \/>\n<meta property=\"article:publisher\" content=\"https:\/\/www.facebook.com\/MyBandino-722348998548099\" \/>\n<meta property=\"article:modified_time\" content=\"2023-01-31T23:28:11+00:00\" \/>\n<meta property=\"og:image\" content=\"https:\/\/mybandino.com\/wp-content\/uploads\/2021\/07\/bandino-everyday-royal-front.jpg\" \/>\n\t<meta property=\"og:image:width\" content=\"1000\" \/>\n\t<meta property=\"og:image:height\" content=\"1000\" \/>\n\t<meta property=\"og:image:type\" content=\"image\/jpeg\" \/>\n<meta name=\"twitter:card\" content=\"summary_large_image\" \/>\n<script type=\"application\/ld+json\" class=\"yoast-schema-graph\">{\"@context\":\"https:\/\/schema.org\",\"@graph\":[{\"@type\":\"WebPage\",\"@id\":\"https:\/\/mybandino.com\/fr\/products\/everyday\/royal\/\",\"url\":\"https:\/\/mybandino.com\/fr\/products\/everyday\/royal\/\",\"name\":\"Bandeau EVERYDAY royal - Bandino\",\"isPartOf\":{\"@id\":\"https:\/\/mybandino.com\/#website\"},\"primaryImageOfPage\":{\"@id\":\"https:\/\/mybandino.com\/fr\/products\/everyday\/royal\/#primaryimage\"},\"image\":{\"@id\":\"https:\/\/mybandino.com\/fr\/products\/everyday\/royal\/#primaryimage\"},\"thumbnailUrl\":\"https:\/\/mybandino.com\/wp-content\/uploads\/2021\/07\/bandino-everyday-royal-front.jpg\",\"datePublished\":\"2021-06-29T02:58:31+00:00\",\"dateModified\":\"2023-01-31T23:28:11+00:00\",\"breadcrumb\":{\"@id\":\"https:\/\/mybandino.com\/fr\/products\/everyday\/royal\/#breadcrumb\"},\"inLanguage\":\"fr-FR\",\"potentialAction\":[{\"@type\":\"ReadAction\",\"target\":[\"https:\/\/mybandino.com\/fr\/products\/everyday\/royal\/\"]}]},{\"@type\":\"ImageObject\",\"inLanguage\":\"fr-FR\",\"@id\":\"https:\/\/mybandino.com\/fr\/products\/everyday\/royal\/#primaryimage\",\"url\":\"https:\/\/mybandino.com\/wp-content\/uploads\/2021\/07\/bandino-everyday-royal-front.jpg\",\"contentUrl\":\"https:\/\/mybandino.com\/wp-content\/uploads\/2021\/07\/bandino-everyday-royal-front.jpg\",\"width\":1000,\"height\":1000},{\"@type\":\"BreadcrumbList\",\"@id\":\"https:\/\/mybandino.com\/fr\/products\/everyday\/royal\/#breadcrumb\",\"itemListElement\":[{\"@type\":\"ListItem\",\"position\":1,\"name\":\"Home\",\"item\":\"https:\/\/mybandino.com\/\"},{\"@type\":\"ListItem\",\"position\":2,\"name\":\"Shop\",\"item\":\"https:\/\/mybandino.com\/shop\/\"},{\"@type\":\"ListItem\",\"position\":3,\"name\":\"Bandeau EVERYDAY royal\"}]},{\"@type\":\"WebSite\",\"@id\":\"https:\/\/mybandino.com\/#website\",\"url\":\"https:\/\/mybandino.com\/\",\"name\":\"Bandino\",\"description\":\"Sleek &amp; stylish scar protection\",\"publisher\":{\"@id\":\"https:\/\/mybandino.com\/#organization\"},\"potentialAction\":[{\"@type\":\"SearchAction\",\"target\":{\"@type\":\"EntryPoint\",\"urlTemplate\":\"https:\/\/mybandino.com\/?s={search_term_string}\"},\"query-input\":{\"@type\":\"PropertyValueSpecification\",\"valueRequired\":true,\"valueName\":\"search_term_string\"}}],\"inLanguage\":\"fr-FR\"},{\"@type\":\"Organization\",\"@id\":\"https:\/\/mybandino.com\/#organization\",\"name\":\"Bandino\",\"url\":\"https:\/\/mybandino.com\/\",\"logo\":{\"@type\":\"ImageObject\",\"inLanguage\":\"fr-FR\",\"@id\":\"https:\/\/mybandino.com\/#\/schema\/logo\/image\/\",\"url\":\"https:\/\/mybandino.com\/wp-content\/uploads\/2021\/06\/logo.png\",\"contentUrl\":\"https:\/\/mybandino.com\/wp-content\/uploads\/2021\/06\/logo.png\",\"width\":750,\"height\":301,\"caption\":\"Bandino\"},\"image\":{\"@id\":\"https:\/\/mybandino.com\/#\/schema\/logo\/image\/\"},\"sameAs\":[\"https:\/\/www.facebook.com\/MyBandino-722348998548099\",\"https:\/\/www.instagram.com\/mybandino\/\"]}]}<\/script>\n<!-- \/ Yoast SEO plugin. -->","yoast_head_json":{"title":"Bandeau EVERYDAY royal - Bandino","robots":{"index":"index","follow":"follow","max-snippet":"max-snippet:-1","max-image-preview":"max-image-preview:large","max-video-preview":"max-video-preview:-1"},"canonical":"https:\/\/mybandino.com\/fr\/products\/everyday\/royal\/","og_locale":"fr_FR","og_type":"article","og_title":"Bandeau EVERYDAY royal - Bandino","og_description":"Con\u00e7us avec notre tissu le plus doux, les bandeaux pour le cou de la collection Bandino EVERYDAY sont tr\u00e8s confortables. Vous pouvez porter le bandeau du matin au soir et m\u00eame oublier qu'il est l\u00e0! Compos\u00e9 de 87\u00a0% nylon et 13\u00a0% \u00e9lasthanne (spandex), les bandeaux de notre collection EVERYDAY sont \u00e9galement confortables \u00e0 porter lorsqu\u2019on pratique une activit\u00e9 physique. \u00c9tant donn\u00e9 qu'il s'agit de notre bandeau le plus polyvalent, nous vous recommandons d'en avoir au moins quelques-uns dans votre collection!  Entretien recommand\u00e9\u00a0: Laver \u00e0 la main \u00e0 l'eau froide, suspendre pour s\u00e9cher.","og_url":"https:\/\/mybandino.com\/fr\/products\/everyday\/royal\/","og_site_name":"Bandino","article_publisher":"https:\/\/www.facebook.com\/MyBandino-722348998548099","article_modified_time":"2023-01-31T23:28:11+00:00","og_image":[{"width":1000,"height":1000,"url":"https:\/\/mybandino.com\/wp-content\/uploads\/2021\/07\/bandino-everyday-royal-front.jpg","type":"image\/jpeg"}],"twitter_card":"summary_large_image","schema":{"@context":"https:\/\/schema.org","@graph":[{"@type":"WebPage","@id":"https:\/\/mybandino.com\/fr\/products\/everyday\/royal\/","url":"https:\/\/mybandino.com\/fr\/products\/everyday\/royal\/","name":"Bandeau EVERYDAY royal - Bandino","isPartOf":{"@id":"https:\/\/mybandino.com\/#website"},"primaryImageOfPage":{"@id":"https:\/\/mybandino.com\/fr\/products\/everyday\/royal\/#primaryimage"},"image":{"@id":"https:\/\/mybandino.com\/fr\/products\/everyday\/royal\/#primaryimage"},"thumbnailUrl":"https:\/\/mybandino.com\/wp-content\/uploads\/2021\/07\/bandino-everyday-royal-front.jpg","datePublished":"2021-06-29T02:58:31+00:00","dateModified":"2023-01-31T23:28:11+00:00","breadcrumb":{"@id":"https:\/\/mybandino.com\/fr\/products\/everyday\/royal\/#breadcrumb"},"inLanguage":"fr-FR","potentialAction":[{"@type":"ReadAction","target":["https:\/\/mybandino.com\/fr\/products\/everyday\/royal\/"]}]},{"@type":"ImageObject","inLanguage":"fr-FR","@id":"https:\/\/mybandino.com\/fr\/products\/everyday\/royal\/#primaryimage","url":"https:\/\/mybandino.com\/wp-content\/uploads\/2021\/07\/bandino-everyday-royal-front.jpg","contentUrl":"https:\/\/mybandino.com\/wp-content\/uploads\/2021\/07\/bandino-everyday-royal-front.jpg","width":1000,"height":1000},{"@type":"BreadcrumbList","@id":"https:\/\/mybandino.com\/fr\/products\/everyday\/royal\/#breadcrumb","itemListElement":[{"@type":"ListItem","position":1,"name":"Home","item":"https:\/\/mybandino.com\/"},{"@type":"ListItem","position":2,"name":"Shop","item":"https:\/\/mybandino.com\/shop\/"},{"@type":"ListItem","position":3,"name":"Bandeau EVERYDAY royal"}]},{"@type":"WebSite","@id":"https:\/\/mybandino.com\/#website","url":"https:\/\/mybandino.com\/","name":"Bandino","description":"Sleek &amp; stylish scar protection","publisher":{"@id":"https:\/\/mybandino.com\/#organization"},"potentialAction":[{"@type":"SearchAction","target":{"@type":"EntryPoint","urlTemplate":"https:\/\/mybandino.com\/?s={search_term_string}"},"query-input":{"@type":"PropertyValueSpecification","valueRequired":true,"valueName":"search_term_string"}}],"inLanguage":"fr-FR"},{"@type":"Organization","@id":"https:\/\/mybandino.com\/#organization","name":"Bandino","url":"https:\/\/mybandino.com\/","logo":{"@type":"ImageObject","inLanguage":"fr-FR","@id":"https:\/\/mybandino.com\/#\/schema\/logo\/image\/","url":"https:\/\/mybandino.com\/wp-content\/uploads\/2021\/06\/logo.png","contentUrl":"https:\/\/mybandino.com\/wp-content\/uploads\/2021\/06\/logo.png","width":750,"height":301,"caption":"Bandino"},"image":{"@id":"https:\/\/mybandino.com\/#\/schema\/logo\/image\/"},"sameAs":["https:\/\/www.facebook.com\/MyBandino-722348998548099","https:\/\/www.instagram.com\/mybandino\/"]}]}},"jetpack_sharing_enabled":true,"_links":{"self":[{"href":"https:\/\/mybandino.com\/fr\/wp-json\/wp\/v2\/product\/1841","targetHints":{"allow":["GET"]}}],"collection":[{"href":"https:\/\/mybandino.com\/fr\/wp-json\/wp\/v2\/product"}],"about":[{"href":"https:\/\/mybandino.com\/fr\/wp-json\/wp\/v2\/types\/product"}],"replies":[{"embeddable":true,"href":"https:\/\/mybandino.com\/fr\/wp-json\/wp\/v2\/comments?post=1841"}],"wp:featuredmedia":[{"embeddable":true,"href":"https:\/\/mybandino.com\/fr\/wp-json\/wp\/v2\/media\/1643"}],"wp:attachment":[{"href":"https:\/\/mybandino.com\/fr\/wp-json\/wp\/v2\/media?parent=1841"}],"wp:term":[{"taxonomy":"product_brand","embeddable":true,"href":"https:\/\/mybandino.com\/fr\/wp-json\/wp\/v2\/product_brand?post=1841"},{"taxonomy":"product_cat","embeddable":true,"href":"https:\/\/mybandino.com\/fr\/wp-json\/wp\/v2\/product_cat?post=1841"},{"taxonomy":"product_tag","embeddable":true,"href":"https:\/\/mybandino.com\/fr\/wp-json\/wp\/v2\/product_tag?post=1841"}],"curies":[{"name":"wp","href":"https:\/\/api.w.org\/{rel}","templated":true}]}}