{"id":1833,"date":"2021-06-28T23:00:18","date_gmt":"2021-06-29T03:00:18","guid":{"rendered":"https:\/\/mybandino.com\/products\/non%20class\u00e9\/heathered-grey-active\/"},"modified":"2026-04-08T00:09:48","modified_gmt":"2026-04-08T04:09:48","slug":"active-gris-chine","status":"publish","type":"product","link":"https:\/\/mybandino.com\/fr\/products\/active\/active-gris-chine\/","title":{"rendered":"Bandeau ACTIVE gris chin\u00e9"},"content":{"rendered":"","protected":false},"excerpt":{"rendered":"<p>La collection Bandino ACTIVE propose des bandeaux \u00e0 l\u2019allure ultra sportive qui se portent lorsqu\u2019on pratique nos activit\u00e9s de plein air pr\u00e9f\u00e9r\u00e9es. Compos\u00e9 de 88\u00a0% polyester et 12\u00a0% \u00e9lasthanne (spandex), vous aimerez tellement le style des Bandino ACTIVE que vous ne les porterez pas uniquement lors d\u2019activit\u00e9s physiques!<\/p>\n<p>Entretien recommand\u00e9\u00a0: Laver \u00e0 la main \u00e0 l&rsquo;eau froide, suspendre pour s\u00e9cher.<\/p>\n","protected":false},"featured_media":1676,"comment_status":"open","ping_status":"closed","template":"","meta":{"_acf_changed":false},"product_brand":[],"product_cat":[49],"product_tag":[],"class_list":{"0":"post-1833","1":"product","2":"type-product","3":"status-publish","4":"has-post-thumbnail","6":"product_cat-active","8":"first","9":"instock","10":"taxable","11":"shipping-taxable","12":"purchasable","13":"product-type-simple"},"composite_virtual":false,"composite_layout":"","composite_add_to_cart_form_location":"","composite_editable_in_cart":false,"composite_sold_individually_context":"","composite_shop_price_calc":"","composite_components":[],"composite_scenarios":[],"bundled_by":["1827","1829"],"bundle_stock_status":"instock","bundle_stock_quantity":77,"bundle_virtual":false,"bundle_layout":"","bundle_add_to_cart_form_location":"","bundle_editable_in_cart":false,"bundle_sold_individually_context":"","bundle_item_grouping":"","bundle_min_size":"","bundle_max_size":"","bundle_price":[],"bundled_items":[],"bundle_sell_ids":[],"acf":[],"yoast_head":"<!-- This site is optimized with the Yoast SEO plugin v27.2 - https:\/\/yoast.com\/product\/yoast-seo-wordpress\/ -->\n<title>Bandeau ACTIVE gris chin\u00e9 - Bandino<\/title>\n<meta name=\"robots\" content=\"index, follow, max-snippet:-1, max-image-preview:large, max-video-preview:-1\" \/>\n<link rel=\"canonical\" href=\"https:\/\/mybandino.com\/fr\/products\/active\/active-gris-chine\/\" \/>\n<meta property=\"og:locale\" content=\"fr_FR\" \/>\n<meta property=\"og:type\" content=\"article\" \/>\n<meta property=\"og:title\" content=\"Bandeau ACTIVE gris chin\u00e9 - Bandino\" \/>\n<meta property=\"og:description\" content=\"La collection Bandino ACTIVE propose des bandeaux \u00e0 l\u2019allure ultra sportive qui se portent lorsqu\u2019on pratique nos activit\u00e9s de plein air pr\u00e9f\u00e9r\u00e9es. Compos\u00e9 de 88\u00a0% polyester et 12\u00a0% \u00e9lasthanne (spandex), vous aimerez tellement le style des Bandino ACTIVE que vous ne les porterez pas uniquement lors d\u2019activit\u00e9s physiques!  Entretien recommand\u00e9\u00a0: Laver \u00e0 la main \u00e0 l&#039;eau froide, suspendre pour s\u00e9cher.\" \/>\n<meta property=\"og:url\" content=\"https:\/\/mybandino.com\/fr\/products\/active\/active-gris-chine\/\" \/>\n<meta property=\"og:site_name\" content=\"Bandino\" \/>\n<meta property=\"article:publisher\" content=\"https:\/\/www.facebook.com\/MyBandino-722348998548099\" \/>\n<meta property=\"article:modified_time\" content=\"2026-04-08T04:09:48+00:00\" \/>\n<meta property=\"og:image\" content=\"https:\/\/mybandino.com\/wp-content\/uploads\/2021\/08\/grey-active-front.jpg\" \/>\n\t<meta property=\"og:image:width\" content=\"1000\" \/>\n\t<meta property=\"og:image:height\" content=\"1000\" \/>\n\t<meta property=\"og:image:type\" content=\"image\/jpeg\" \/>\n<meta name=\"twitter:card\" content=\"summary_large_image\" \/>\n<script type=\"application\/ld+json\" class=\"yoast-schema-graph\">{\"@context\":\"https:\/\/schema.org\",\"@graph\":[{\"@type\":\"WebPage\",\"@id\":\"https:\/\/mybandino.com\/fr\/products\/active\/active-gris-chine\/\",\"url\":\"https:\/\/mybandino.com\/fr\/products\/active\/active-gris-chine\/\",\"name\":\"Bandeau ACTIVE gris chin\u00e9 - Bandino\",\"isPartOf\":{\"@id\":\"https:\/\/mybandino.com\/#website\"},\"primaryImageOfPage\":{\"@id\":\"https:\/\/mybandino.com\/fr\/products\/active\/active-gris-chine\/#primaryimage\"},\"image\":{\"@id\":\"https:\/\/mybandino.com\/fr\/products\/active\/active-gris-chine\/#primaryimage\"},\"thumbnailUrl\":\"https:\/\/mybandino.com\/wp-content\/uploads\/2021\/08\/grey-active-front.jpg\",\"datePublished\":\"2021-06-29T03:00:18+00:00\",\"dateModified\":\"2026-04-08T04:09:48+00:00\",\"breadcrumb\":{\"@id\":\"https:\/\/mybandino.com\/fr\/products\/active\/active-gris-chine\/#breadcrumb\"},\"inLanguage\":\"fr-FR\",\"potentialAction\":[{\"@type\":\"ReadAction\",\"target\":[\"https:\/\/mybandino.com\/fr\/products\/active\/active-gris-chine\/\"]}]},{\"@type\":\"ImageObject\",\"inLanguage\":\"fr-FR\",\"@id\":\"https:\/\/mybandino.com\/fr\/products\/active\/active-gris-chine\/#primaryimage\",\"url\":\"https:\/\/mybandino.com\/wp-content\/uploads\/2021\/08\/grey-active-front.jpg\",\"contentUrl\":\"https:\/\/mybandino.com\/wp-content\/uploads\/2021\/08\/grey-active-front.jpg\",\"width\":1000,\"height\":1000},{\"@type\":\"BreadcrumbList\",\"@id\":\"https:\/\/mybandino.com\/fr\/products\/active\/active-gris-chine\/#breadcrumb\",\"itemListElement\":[{\"@type\":\"ListItem\",\"position\":1,\"name\":\"Home\",\"item\":\"https:\/\/mybandino.com\/\"},{\"@type\":\"ListItem\",\"position\":2,\"name\":\"Shop\",\"item\":\"https:\/\/mybandino.com\/shop\/\"},{\"@type\":\"ListItem\",\"position\":3,\"name\":\"Bandeau ACTIVE gris chin\u00e9\"}]},{\"@type\":\"WebSite\",\"@id\":\"https:\/\/mybandino.com\/#website\",\"url\":\"https:\/\/mybandino.com\/\",\"name\":\"Bandino\",\"description\":\"Sleek &amp; stylish scar protection\",\"publisher\":{\"@id\":\"https:\/\/mybandino.com\/#organization\"},\"potentialAction\":[{\"@type\":\"SearchAction\",\"target\":{\"@type\":\"EntryPoint\",\"urlTemplate\":\"https:\/\/mybandino.com\/?s={search_term_string}\"},\"query-input\":{\"@type\":\"PropertyValueSpecification\",\"valueRequired\":true,\"valueName\":\"search_term_string\"}}],\"inLanguage\":\"fr-FR\"},{\"@type\":\"Organization\",\"@id\":\"https:\/\/mybandino.com\/#organization\",\"name\":\"Bandino\",\"url\":\"https:\/\/mybandino.com\/\",\"logo\":{\"@type\":\"ImageObject\",\"inLanguage\":\"fr-FR\",\"@id\":\"https:\/\/mybandino.com\/#\/schema\/logo\/image\/\",\"url\":\"https:\/\/mybandino.com\/wp-content\/uploads\/2021\/06\/logo.png\",\"contentUrl\":\"https:\/\/mybandino.com\/wp-content\/uploads\/2021\/06\/logo.png\",\"width\":750,\"height\":301,\"caption\":\"Bandino\"},\"image\":{\"@id\":\"https:\/\/mybandino.com\/#\/schema\/logo\/image\/\"},\"sameAs\":[\"https:\/\/www.facebook.com\/MyBandino-722348998548099\",\"https:\/\/www.instagram.com\/mybandino\/\"]}]}<\/script>\n<!-- \/ Yoast SEO plugin. -->","yoast_head_json":{"title":"Bandeau ACTIVE gris chin\u00e9 - Bandino","robots":{"index":"index","follow":"follow","max-snippet":"max-snippet:-1","max-image-preview":"max-image-preview:large","max-video-preview":"max-video-preview:-1"},"canonical":"https:\/\/mybandino.com\/fr\/products\/active\/active-gris-chine\/","og_locale":"fr_FR","og_type":"article","og_title":"Bandeau ACTIVE gris chin\u00e9 - Bandino","og_description":"La collection Bandino ACTIVE propose des bandeaux \u00e0 l\u2019allure ultra sportive qui se portent lorsqu\u2019on pratique nos activit\u00e9s de plein air pr\u00e9f\u00e9r\u00e9es. Compos\u00e9 de 88\u00a0% polyester et 12\u00a0% \u00e9lasthanne (spandex), vous aimerez tellement le style des Bandino ACTIVE que vous ne les porterez pas uniquement lors d\u2019activit\u00e9s physiques!  Entretien recommand\u00e9\u00a0: Laver \u00e0 la main \u00e0 l'eau froide, suspendre pour s\u00e9cher.","og_url":"https:\/\/mybandino.com\/fr\/products\/active\/active-gris-chine\/","og_site_name":"Bandino","article_publisher":"https:\/\/www.facebook.com\/MyBandino-722348998548099","article_modified_time":"2026-04-08T04:09:48+00:00","og_image":[{"width":1000,"height":1000,"url":"https:\/\/mybandino.com\/wp-content\/uploads\/2021\/08\/grey-active-front.jpg","type":"image\/jpeg"}],"twitter_card":"summary_large_image","schema":{"@context":"https:\/\/schema.org","@graph":[{"@type":"WebPage","@id":"https:\/\/mybandino.com\/fr\/products\/active\/active-gris-chine\/","url":"https:\/\/mybandino.com\/fr\/products\/active\/active-gris-chine\/","name":"Bandeau ACTIVE gris chin\u00e9 - Bandino","isPartOf":{"@id":"https:\/\/mybandino.com\/#website"},"primaryImageOfPage":{"@id":"https:\/\/mybandino.com\/fr\/products\/active\/active-gris-chine\/#primaryimage"},"image":{"@id":"https:\/\/mybandino.com\/fr\/products\/active\/active-gris-chine\/#primaryimage"},"thumbnailUrl":"https:\/\/mybandino.com\/wp-content\/uploads\/2021\/08\/grey-active-front.jpg","datePublished":"2021-06-29T03:00:18+00:00","dateModified":"2026-04-08T04:09:48+00:00","breadcrumb":{"@id":"https:\/\/mybandino.com\/fr\/products\/active\/active-gris-chine\/#breadcrumb"},"inLanguage":"fr-FR","potentialAction":[{"@type":"ReadAction","target":["https:\/\/mybandino.com\/fr\/products\/active\/active-gris-chine\/"]}]},{"@type":"ImageObject","inLanguage":"fr-FR","@id":"https:\/\/mybandino.com\/fr\/products\/active\/active-gris-chine\/#primaryimage","url":"https:\/\/mybandino.com\/wp-content\/uploads\/2021\/08\/grey-active-front.jpg","contentUrl":"https:\/\/mybandino.com\/wp-content\/uploads\/2021\/08\/grey-active-front.jpg","width":1000,"height":1000},{"@type":"BreadcrumbList","@id":"https:\/\/mybandino.com\/fr\/products\/active\/active-gris-chine\/#breadcrumb","itemListElement":[{"@type":"ListItem","position":1,"name":"Home","item":"https:\/\/mybandino.com\/"},{"@type":"ListItem","position":2,"name":"Shop","item":"https:\/\/mybandino.com\/shop\/"},{"@type":"ListItem","position":3,"name":"Bandeau ACTIVE gris chin\u00e9"}]},{"@type":"WebSite","@id":"https:\/\/mybandino.com\/#website","url":"https:\/\/mybandino.com\/","name":"Bandino","description":"Sleek &amp; stylish scar protection","publisher":{"@id":"https:\/\/mybandino.com\/#organization"},"potentialAction":[{"@type":"SearchAction","target":{"@type":"EntryPoint","urlTemplate":"https:\/\/mybandino.com\/?s={search_term_string}"},"query-input":{"@type":"PropertyValueSpecification","valueRequired":true,"valueName":"search_term_string"}}],"inLanguage":"fr-FR"},{"@type":"Organization","@id":"https:\/\/mybandino.com\/#organization","name":"Bandino","url":"https:\/\/mybandino.com\/","logo":{"@type":"ImageObject","inLanguage":"fr-FR","@id":"https:\/\/mybandino.com\/#\/schema\/logo\/image\/","url":"https:\/\/mybandino.com\/wp-content\/uploads\/2021\/06\/logo.png","contentUrl":"https:\/\/mybandino.com\/wp-content\/uploads\/2021\/06\/logo.png","width":750,"height":301,"caption":"Bandino"},"image":{"@id":"https:\/\/mybandino.com\/#\/schema\/logo\/image\/"},"sameAs":["https:\/\/www.facebook.com\/MyBandino-722348998548099","https:\/\/www.instagram.com\/mybandino\/"]}]}},"jetpack_sharing_enabled":true,"_links":{"self":[{"href":"https:\/\/mybandino.com\/fr\/wp-json\/wp\/v2\/product\/1833","targetHints":{"allow":["GET"]}}],"collection":[{"href":"https:\/\/mybandino.com\/fr\/wp-json\/wp\/v2\/product"}],"about":[{"href":"https:\/\/mybandino.com\/fr\/wp-json\/wp\/v2\/types\/product"}],"replies":[{"embeddable":true,"href":"https:\/\/mybandino.com\/fr\/wp-json\/wp\/v2\/comments?post=1833"}],"wp:featuredmedia":[{"embeddable":true,"href":"https:\/\/mybandino.com\/fr\/wp-json\/wp\/v2\/media\/1676"}],"wp:attachment":[{"href":"https:\/\/mybandino.com\/fr\/wp-json\/wp\/v2\/media?parent=1833"}],"wp:term":[{"taxonomy":"product_brand","embeddable":true,"href":"https:\/\/mybandino.com\/fr\/wp-json\/wp\/v2\/product_brand?post=1833"},{"taxonomy":"product_cat","embeddable":true,"href":"https:\/\/mybandino.com\/fr\/wp-json\/wp\/v2\/product_cat?post=1833"},{"taxonomy":"product_tag","embeddable":true,"href":"https:\/\/mybandino.com\/fr\/wp-json\/wp\/v2\/product_tag?post=1833"}],"curies":[{"name":"wp","href":"https:\/\/api.w.org\/{rel}","templated":true}]}}