{"id":1828,"date":"2021-07-26T10:54:11","date_gmt":"2021-07-26T14:54:11","guid":{"rendered":"https:\/\/mybandino.com\/products\/non%20class\u00e9\/bandino-bloom\/"},"modified":"2021-09-02T17:07:09","modified_gmt":"2021-09-02T21:07:09","slug":"bandino-bloom","status":"publish","type":"product","link":"https:\/\/mybandino.com\/fr\/products\/ensembles\/bandino-bloom\/","title":{"rendered":"Bandino Bloom"},"content":{"rendered":"","protected":false},"excerpt":{"rendered":"","protected":false},"featured_media":1685,"comment_status":"open","ping_status":"closed","template":"","meta":{"_acf_changed":false},"product_brand":[],"product_cat":[44],"product_tag":[],"class_list":{"0":"post-1828","1":"product","2":"type-product","3":"status-publish","4":"has-post-thumbnail","6":"product_cat-ensembles","8":"first","9":"instock","10":"virtual","11":"taxable","12":"purchasable","13":"product-type-composite"},"composite_virtual":false,"composite_layout":"paged","composite_add_to_cart_form_location":"default","composite_editable_in_cart":false,"composite_sold_individually_context":"product","composite_shop_price_calc":"defaults","composite_components":[{"id":"1630602398","title":"Bandino Bloom","description":"<p>Choisissez n'importe quel tour de cou et nous le transformerons en une rose \u00e0 longue tige. Un beau cadeau pour votre proche, qu'il soit en phase pr\u00e9-op\u00e9ratoire ou post-op\u00e9ratoire.  <\/p>\n","query_type":"category_ids","query_ids":[49,50,48,47],"default_option_id":1847,"thumbnail_id":"","thumbnail_src":"","quantity_min":1,"quantity_max":1,"priced_individually":false,"shipped_individually":true,"optional":false,"discount":"","options_style":"dropdowns","pagination_style":"classic","display_prices":"absolute","show_sorting_options":false,"show_filtering_options":false,"attribute_filter_ids":[],"select_action":"view","product_title_visible":true,"product_descr_visible":true,"product_price_visible":true,"product_thumb_visible":true,"subtotal_visible_product":true,"subtotal_visible_cart":true,"subtotal_visible_orders":true}],"composite_scenarios":[],"bundled_by":[],"bundle_stock_status":"instock","bundle_stock_quantity":null,"bundle_virtual":false,"bundle_layout":"","bundle_add_to_cart_form_location":"","bundle_editable_in_cart":false,"bundle_sold_individually_context":"","bundle_item_grouping":"","bundle_min_size":"","bundle_max_size":"","bundle_price":[],"bundled_items":[],"bundle_sell_ids":[],"acf":[],"yoast_head":"<!-- This site is optimized with the Yoast SEO plugin v27.2 - https:\/\/yoast.com\/product\/yoast-seo-wordpress\/ -->\n<title>Bandino Bloom - Bandino<\/title>\n<meta name=\"robots\" content=\"index, follow, max-snippet:-1, max-image-preview:large, max-video-preview:-1\" \/>\n<link rel=\"canonical\" href=\"https:\/\/mybandino.com\/fr\/products\/ensembles\/bandino-bloom\/\" \/>\n<meta property=\"og:locale\" content=\"fr_FR\" \/>\n<meta property=\"og:type\" content=\"article\" \/>\n<meta property=\"og:title\" content=\"Bandino Bloom - Bandino\" \/>\n<meta property=\"og:url\" content=\"https:\/\/mybandino.com\/fr\/products\/ensembles\/bandino-bloom\/\" \/>\n<meta property=\"og:site_name\" content=\"Bandino\" \/>\n<meta property=\"article:publisher\" content=\"https:\/\/www.facebook.com\/MyBandino-722348998548099\" \/>\n<meta property=\"article:modified_time\" content=\"2021-09-02T21:07:09+00:00\" \/>\n<meta property=\"og:image\" content=\"https:\/\/mybandino.com\/wp-content\/uploads\/2021\/08\/bandino-bloom.jpg\" \/>\n\t<meta property=\"og:image:width\" content=\"1000\" \/>\n\t<meta property=\"og:image:height\" content=\"1000\" \/>\n\t<meta property=\"og:image:type\" content=\"image\/jpeg\" \/>\n<meta name=\"twitter:card\" content=\"summary_large_image\" \/>\n<script type=\"application\/ld+json\" class=\"yoast-schema-graph\">{\"@context\":\"https:\/\/schema.org\",\"@graph\":[{\"@type\":\"WebPage\",\"@id\":\"https:\/\/mybandino.com\/fr\/products\/ensembles\/bandino-bloom\/\",\"url\":\"https:\/\/mybandino.com\/fr\/products\/ensembles\/bandino-bloom\/\",\"name\":\"Bandino Bloom - Bandino\",\"isPartOf\":{\"@id\":\"https:\/\/mybandino.com\/#website\"},\"primaryImageOfPage\":{\"@id\":\"https:\/\/mybandino.com\/fr\/products\/ensembles\/bandino-bloom\/#primaryimage\"},\"image\":{\"@id\":\"https:\/\/mybandino.com\/fr\/products\/ensembles\/bandino-bloom\/#primaryimage\"},\"thumbnailUrl\":\"https:\/\/mybandino.com\/wp-content\/uploads\/2021\/08\/bandino-bloom.jpg\",\"datePublished\":\"2021-07-26T14:54:11+00:00\",\"dateModified\":\"2021-09-02T21:07:09+00:00\",\"breadcrumb\":{\"@id\":\"https:\/\/mybandino.com\/fr\/products\/ensembles\/bandino-bloom\/#breadcrumb\"},\"inLanguage\":\"fr-FR\",\"potentialAction\":[{\"@type\":\"ReadAction\",\"target\":[\"https:\/\/mybandino.com\/fr\/products\/ensembles\/bandino-bloom\/\"]}]},{\"@type\":\"ImageObject\",\"inLanguage\":\"fr-FR\",\"@id\":\"https:\/\/mybandino.com\/fr\/products\/ensembles\/bandino-bloom\/#primaryimage\",\"url\":\"https:\/\/mybandino.com\/wp-content\/uploads\/2021\/08\/bandino-bloom.jpg\",\"contentUrl\":\"https:\/\/mybandino.com\/wp-content\/uploads\/2021\/08\/bandino-bloom.jpg\",\"width\":1000,\"height\":1000},{\"@type\":\"BreadcrumbList\",\"@id\":\"https:\/\/mybandino.com\/fr\/products\/ensembles\/bandino-bloom\/#breadcrumb\",\"itemListElement\":[{\"@type\":\"ListItem\",\"position\":1,\"name\":\"Home\",\"item\":\"https:\/\/mybandino.com\/\"},{\"@type\":\"ListItem\",\"position\":2,\"name\":\"Shop\",\"item\":\"https:\/\/mybandino.com\/shop\/\"},{\"@type\":\"ListItem\",\"position\":3,\"name\":\"Bandino Bloom\"}]},{\"@type\":\"WebSite\",\"@id\":\"https:\/\/mybandino.com\/#website\",\"url\":\"https:\/\/mybandino.com\/\",\"name\":\"Bandino\",\"description\":\"Sleek &amp; stylish scar protection\",\"publisher\":{\"@id\":\"https:\/\/mybandino.com\/#organization\"},\"potentialAction\":[{\"@type\":\"SearchAction\",\"target\":{\"@type\":\"EntryPoint\",\"urlTemplate\":\"https:\/\/mybandino.com\/?s={search_term_string}\"},\"query-input\":{\"@type\":\"PropertyValueSpecification\",\"valueRequired\":true,\"valueName\":\"search_term_string\"}}],\"inLanguage\":\"fr-FR\"},{\"@type\":\"Organization\",\"@id\":\"https:\/\/mybandino.com\/#organization\",\"name\":\"Bandino\",\"url\":\"https:\/\/mybandino.com\/\",\"logo\":{\"@type\":\"ImageObject\",\"inLanguage\":\"fr-FR\",\"@id\":\"https:\/\/mybandino.com\/#\/schema\/logo\/image\/\",\"url\":\"https:\/\/mybandino.com\/wp-content\/uploads\/2021\/06\/logo.png\",\"contentUrl\":\"https:\/\/mybandino.com\/wp-content\/uploads\/2021\/06\/logo.png\",\"width\":750,\"height\":301,\"caption\":\"Bandino\"},\"image\":{\"@id\":\"https:\/\/mybandino.com\/#\/schema\/logo\/image\/\"},\"sameAs\":[\"https:\/\/www.facebook.com\/MyBandino-722348998548099\",\"https:\/\/www.instagram.com\/mybandino\/\"]}]}<\/script>\n<!-- \/ Yoast SEO plugin. -->","yoast_head_json":{"title":"Bandino Bloom - Bandino","robots":{"index":"index","follow":"follow","max-snippet":"max-snippet:-1","max-image-preview":"max-image-preview:large","max-video-preview":"max-video-preview:-1"},"canonical":"https:\/\/mybandino.com\/fr\/products\/ensembles\/bandino-bloom\/","og_locale":"fr_FR","og_type":"article","og_title":"Bandino Bloom - Bandino","og_url":"https:\/\/mybandino.com\/fr\/products\/ensembles\/bandino-bloom\/","og_site_name":"Bandino","article_publisher":"https:\/\/www.facebook.com\/MyBandino-722348998548099","article_modified_time":"2021-09-02T21:07:09+00:00","og_image":[{"width":1000,"height":1000,"url":"https:\/\/mybandino.com\/wp-content\/uploads\/2021\/08\/bandino-bloom.jpg","type":"image\/jpeg"}],"twitter_card":"summary_large_image","schema":{"@context":"https:\/\/schema.org","@graph":[{"@type":"WebPage","@id":"https:\/\/mybandino.com\/fr\/products\/ensembles\/bandino-bloom\/","url":"https:\/\/mybandino.com\/fr\/products\/ensembles\/bandino-bloom\/","name":"Bandino Bloom - Bandino","isPartOf":{"@id":"https:\/\/mybandino.com\/#website"},"primaryImageOfPage":{"@id":"https:\/\/mybandino.com\/fr\/products\/ensembles\/bandino-bloom\/#primaryimage"},"image":{"@id":"https:\/\/mybandino.com\/fr\/products\/ensembles\/bandino-bloom\/#primaryimage"},"thumbnailUrl":"https:\/\/mybandino.com\/wp-content\/uploads\/2021\/08\/bandino-bloom.jpg","datePublished":"2021-07-26T14:54:11+00:00","dateModified":"2021-09-02T21:07:09+00:00","breadcrumb":{"@id":"https:\/\/mybandino.com\/fr\/products\/ensembles\/bandino-bloom\/#breadcrumb"},"inLanguage":"fr-FR","potentialAction":[{"@type":"ReadAction","target":["https:\/\/mybandino.com\/fr\/products\/ensembles\/bandino-bloom\/"]}]},{"@type":"ImageObject","inLanguage":"fr-FR","@id":"https:\/\/mybandino.com\/fr\/products\/ensembles\/bandino-bloom\/#primaryimage","url":"https:\/\/mybandino.com\/wp-content\/uploads\/2021\/08\/bandino-bloom.jpg","contentUrl":"https:\/\/mybandino.com\/wp-content\/uploads\/2021\/08\/bandino-bloom.jpg","width":1000,"height":1000},{"@type":"BreadcrumbList","@id":"https:\/\/mybandino.com\/fr\/products\/ensembles\/bandino-bloom\/#breadcrumb","itemListElement":[{"@type":"ListItem","position":1,"name":"Home","item":"https:\/\/mybandino.com\/"},{"@type":"ListItem","position":2,"name":"Shop","item":"https:\/\/mybandino.com\/shop\/"},{"@type":"ListItem","position":3,"name":"Bandino Bloom"}]},{"@type":"WebSite","@id":"https:\/\/mybandino.com\/#website","url":"https:\/\/mybandino.com\/","name":"Bandino","description":"Sleek &amp; stylish scar protection","publisher":{"@id":"https:\/\/mybandino.com\/#organization"},"potentialAction":[{"@type":"SearchAction","target":{"@type":"EntryPoint","urlTemplate":"https:\/\/mybandino.com\/?s={search_term_string}"},"query-input":{"@type":"PropertyValueSpecification","valueRequired":true,"valueName":"search_term_string"}}],"inLanguage":"fr-FR"},{"@type":"Organization","@id":"https:\/\/mybandino.com\/#organization","name":"Bandino","url":"https:\/\/mybandino.com\/","logo":{"@type":"ImageObject","inLanguage":"fr-FR","@id":"https:\/\/mybandino.com\/#\/schema\/logo\/image\/","url":"https:\/\/mybandino.com\/wp-content\/uploads\/2021\/06\/logo.png","contentUrl":"https:\/\/mybandino.com\/wp-content\/uploads\/2021\/06\/logo.png","width":750,"height":301,"caption":"Bandino"},"image":{"@id":"https:\/\/mybandino.com\/#\/schema\/logo\/image\/"},"sameAs":["https:\/\/www.facebook.com\/MyBandino-722348998548099","https:\/\/www.instagram.com\/mybandino\/"]}]}},"jetpack_sharing_enabled":true,"_links":{"self":[{"href":"https:\/\/mybandino.com\/fr\/wp-json\/wp\/v2\/product\/1828","targetHints":{"allow":["GET"]}}],"collection":[{"href":"https:\/\/mybandino.com\/fr\/wp-json\/wp\/v2\/product"}],"about":[{"href":"https:\/\/mybandino.com\/fr\/wp-json\/wp\/v2\/types\/product"}],"replies":[{"embeddable":true,"href":"https:\/\/mybandino.com\/fr\/wp-json\/wp\/v2\/comments?post=1828"}],"wp:featuredmedia":[{"embeddable":true,"href":"https:\/\/mybandino.com\/fr\/wp-json\/wp\/v2\/media\/1685"}],"wp:attachment":[{"href":"https:\/\/mybandino.com\/fr\/wp-json\/wp\/v2\/media?parent=1828"}],"wp:term":[{"taxonomy":"product_brand","embeddable":true,"href":"https:\/\/mybandino.com\/fr\/wp-json\/wp\/v2\/product_brand?post=1828"},{"taxonomy":"product_cat","embeddable":true,"href":"https:\/\/mybandino.com\/fr\/wp-json\/wp\/v2\/product_cat?post=1828"},{"taxonomy":"product_tag","embeddable":true,"href":"https:\/\/mybandino.com\/fr\/wp-json\/wp\/v2\/product_tag?post=1828"}],"curies":[{"name":"wp","href":"https:\/\/api.w.org\/{rel}","templated":true}]}}