{"id":1695,"date":"2021-08-11T11:11:58","date_gmt":"2021-08-11T15:11:58","guid":{"rendered":"https:\/\/mybandino.com\/about\/about-bandino\/"},"modified":"2021-09-02T17:11:45","modified_gmt":"2021-09-02T21:11:45","slug":"a-propos-de-bandino","status":"publish","type":"page","link":"https:\/\/mybandino.com\/fr\/a-propos\/a-propos-de-bandino\/","title":{"rendered":"\u00c0 Propos de Bandino"},"content":{"rendered":"\t\t<div data-elementor-type=\"wp-post\" data-elementor-id=\"1695\" class=\"elementor elementor-1695\">\n\t\t\t\t\t\t<section class=\"elementor-section elementor-top-section elementor-element elementor-element-cb02ddd elementor-section-full_width elementor-section-height-min-height elementor-section-content-middle elementor-section-height-default elementor-section-items-middle\" data-id=\"cb02ddd\" data-element_type=\"section\" data-e-type=\"section\" data-settings=\"{&quot;jet_parallax_layout_list&quot;:[{&quot;jet_parallax_layout_image&quot;:{&quot;url&quot;:&quot;&quot;,&quot;id&quot;:&quot;&quot;,&quot;size&quot;:&quot;&quot;},&quot;_id&quot;:&quot;db40f0f&quot;,&quot;jet_parallax_layout_speed&quot;:{&quot;unit&quot;:&quot;%&quot;,&quot;size&quot;:&quot;50&quot;,&quot;sizes&quot;:[]},&quot;jet_parallax_layout_bg_x&quot;:&quot;50&quot;,&quot;jet_parallax_layout_bg_y&quot;:&quot;50&quot;,&quot;jet_parallax_layout_image_tablet&quot;:{&quot;url&quot;:&quot;&quot;,&quot;id&quot;:&quot;&quot;,&quot;size&quot;:&quot;&quot;},&quot;jet_parallax_layout_image_mobile&quot;:{&quot;url&quot;:&quot;&quot;,&quot;id&quot;:&quot;&quot;,&quot;size&quot;:&quot;&quot;},&quot;jet_parallax_layout_type&quot;:&quot;scroll&quot;,&quot;jet_parallax_layout_direction&quot;:&quot;1&quot;,&quot;jet_parallax_layout_fx_direction&quot;:null,&quot;jet_parallax_layout_z_index&quot;:&quot;&quot;,&quot;jet_parallax_layout_bg_x_tablet&quot;:&quot;&quot;,&quot;jet_parallax_layout_bg_x_mobile&quot;:&quot;&quot;,&quot;jet_parallax_layout_bg_y_tablet&quot;:&quot;&quot;,&quot;jet_parallax_layout_bg_y_mobile&quot;:&quot;&quot;,&quot;jet_parallax_layout_bg_size&quot;:&quot;auto&quot;,&quot;jet_parallax_layout_bg_size_tablet&quot;:&quot;&quot;,&quot;jet_parallax_layout_bg_size_mobile&quot;:&quot;&quot;,&quot;jet_parallax_layout_animation_prop&quot;:&quot;transform&quot;,&quot;jet_parallax_layout_on&quot;:[&quot;desktop&quot;,&quot;tablet&quot;]}],&quot;background_background&quot;:&quot;classic&quot;}\">\n\t\t\t\t\t\t\t<div class=\"elementor-background-overlay\"><\/div>\n\t\t\t\t\t\t\t<div class=\"elementor-container elementor-column-gap-default\">\n\t\t\t\t\t<div class=\"elementor-column elementor-col-100 elementor-top-column elementor-element elementor-element-810e11c\" data-id=\"810e11c\" data-element_type=\"column\" data-e-type=\"column\">\n\t\t\t<div class=\"elementor-widget-wrap elementor-element-populated\">\n\t\t\t\t\t\t<div class=\"elementor-element elementor-element-2e3bd0c elementor-align-center elementor-widget elementor-widget-raven-heading\" data-id=\"2e3bd0c\" data-element_type=\"widget\" data-e-type=\"widget\" data-widget_type=\"raven-heading.default\">\n\t\t\t\t<div class=\"elementor-widget-container\">\n\t\t\t\t\t\t\t<div class=\"raven-widget-wrapper\"><h1 class=\"raven-heading raven-heading-h1\"><span class=\"raven-heading-title \">\u00c0 propos de Bandino<\/span><\/h1><\/div>\n\t\t\t\t\t\t<\/div>\n\t\t\t\t<\/div>\n\t\t\t\t\t<\/div>\n\t\t<\/div>\n\t\t\t\t\t<\/div>\n\t\t<\/section>\n\t\t\t\t<section class=\"elementor-section elementor-top-section elementor-element elementor-element-5bf17e2 elementor-section-boxed elementor-section-height-default elementor-section-height-default\" data-id=\"5bf17e2\" data-element_type=\"section\" data-e-type=\"section\" data-settings=\"{&quot;jet_parallax_layout_list&quot;:[{&quot;jet_parallax_layout_image&quot;:{&quot;url&quot;:&quot;&quot;,&quot;id&quot;:&quot;&quot;,&quot;size&quot;:&quot;&quot;},&quot;_id&quot;:&quot;db40f0f&quot;,&quot;jet_parallax_layout_speed&quot;:{&quot;unit&quot;:&quot;%&quot;,&quot;size&quot;:&quot;50&quot;,&quot;sizes&quot;:[]},&quot;jet_parallax_layout_bg_x&quot;:&quot;50&quot;,&quot;jet_parallax_layout_bg_y&quot;:&quot;50&quot;,&quot;jet_parallax_layout_image_tablet&quot;:{&quot;url&quot;:&quot;&quot;,&quot;id&quot;:&quot;&quot;,&quot;size&quot;:&quot;&quot;},&quot;jet_parallax_layout_image_mobile&quot;:{&quot;url&quot;:&quot;&quot;,&quot;id&quot;:&quot;&quot;,&quot;size&quot;:&quot;&quot;},&quot;jet_parallax_layout_type&quot;:&quot;scroll&quot;,&quot;jet_parallax_layout_direction&quot;:&quot;1&quot;,&quot;jet_parallax_layout_fx_direction&quot;:null,&quot;jet_parallax_layout_z_index&quot;:&quot;&quot;,&quot;jet_parallax_layout_bg_x_tablet&quot;:&quot;&quot;,&quot;jet_parallax_layout_bg_x_mobile&quot;:&quot;&quot;,&quot;jet_parallax_layout_bg_y_tablet&quot;:&quot;&quot;,&quot;jet_parallax_layout_bg_y_mobile&quot;:&quot;&quot;,&quot;jet_parallax_layout_bg_size&quot;:&quot;auto&quot;,&quot;jet_parallax_layout_bg_size_tablet&quot;:&quot;&quot;,&quot;jet_parallax_layout_bg_size_mobile&quot;:&quot;&quot;,&quot;jet_parallax_layout_animation_prop&quot;:&quot;transform&quot;,&quot;jet_parallax_layout_on&quot;:[&quot;desktop&quot;,&quot;tablet&quot;]}],&quot;background_background&quot;:&quot;classic&quot;}\">\n\t\t\t\t\t\t<div class=\"elementor-container elementor-column-gap-default\">\n\t\t\t\t\t<div class=\"elementor-column elementor-col-100 elementor-top-column elementor-element elementor-element-4b7b03f\" data-id=\"4b7b03f\" data-element_type=\"column\" data-e-type=\"column\">\n\t\t\t<div class=\"elementor-widget-wrap elementor-element-populated\">\n\t\t\t\t\t\t<div class=\"elementor-element elementor-element-fe9b399 elementor-widget elementor-widget-text-editor\" data-id=\"fe9b399\" data-element_type=\"widget\" data-e-type=\"widget\" data-widget_type=\"text-editor.default\">\n\t\t\t\t<div class=\"elementor-widget-container\">\n\t\t\t\t\t\t\t\t\t<p style=\"text-align: center;\">Bienvenue chez Bandino, o\u00f9 nous vous aidons \u00e0 prot\u00e9ger votre cicatrice au cou de fa\u00e7on simple, \u00e9l\u00e9gante et m\u00eame un peu amusante. Disponibles dans une vari\u00e9t\u00e9 de couleurs et de styles pour toute occasion, nous sommes s\u00fbrs que nos bandeaux pour le cou vous offriront <em>une protection \u00e0 tout coup!<\/em><\/p>\t\t\t\t\t\t\t\t<\/div>\n\t\t\t\t<\/div>\n\t\t\t\t<div class=\"elementor-element elementor-element-bcbc9fe elementor-widget elementor-widget-spacer\" data-id=\"bcbc9fe\" data-element_type=\"widget\" data-e-type=\"widget\" data-widget_type=\"spacer.default\">\n\t\t\t\t<div class=\"elementor-widget-container\">\n\t\t\t\t\t\t\t<div class=\"elementor-spacer\">\n\t\t\t<div class=\"elementor-spacer-inner\"><\/div>\n\t\t<\/div>\n\t\t\t\t\t\t<\/div>\n\t\t\t\t<\/div>\n\t\t\t\t<div class=\"elementor-element elementor-element-a67426b elementor-widget elementor-widget-text-editor\" data-id=\"a67426b\" data-element_type=\"widget\" data-e-type=\"widget\" data-widget_type=\"text-editor.default\">\n\t\t\t\t<div class=\"elementor-widget-container\">\n\t\t\t\t\t\t\t\t\t<p><strong>Qu\u2019est-ce qu\u2019un bandeau pour le cou Bandino? <\/strong><\/p><p>Il s\u2019agit d\u2019un bandeau ajustable qui se porte autour du cou pour couvrir la cicatrice de votre intervention chirurgicale de la thyro\u00efde. Il est offert dans une vari\u00e9t\u00e9 de tissus adapt\u00e9s \u00e0 diff\u00e9rentes utilisations, y compris un tissu de maillot de bain que vous pouvez porter pour prot\u00e9ger votre cicatrice tout en passant du temps \u00e0 la plage ou dans une piscine ext\u00e9rieure.<\/p><p><strong>Pourquoi choisir Bandino? <\/strong><\/p><p>Comme vous le savez probablement, il est normalement recommand\u00e9 de couvrir votre cicatrice post-thyro\u00efdectomie pendant la premi\u00e8re ann\u00e9e suivant l\u2019intervention chirurgicale. Cette recommandation vise \u00e0 prot\u00e9ger votre peau tr\u00e8s sensible ainsi qu\u2019\u00e0 minimiser la visibilit\u00e9 des cicatrices \u00e0 long terme.<\/p><p>Bien que les foulards s\u2019av\u00e8rent une excellente option, il y a certaines circonstances o\u00f9 leur utilisation n\u2019est vraiment pas pratique. De plus, prot\u00e9ger la cicatrice lorsqu\u2019on nage pr\u00e9sente ses propres d\u00e9fis.<\/p><p>Bandino offre une solution simple et rationnelle qui est \u00e0 la fois amusante et \u00e0 la mode. Nos bandeaux SWIM se portent \u00e0 la fois dans l\u2019eau et hors de l\u2019eau et sont offerts dans une vari\u00e9t\u00e9 de couleurs tendance. Nos bandeaux EVERYDAY sont parfaits pour faire des courses, tout en conduisant par une journ\u00e9e ensoleill\u00e9e, et ils sont \u00e9galement bien adapt\u00e9s pour les activit\u00e9s en plein air. Notre collection ACTIVE propose des bandeaux d\u2019aspects plus sportifs pour le jogging, le v\u00e9lo, la randonn\u00e9e et toute autre activit\u00e9 de plein air. Enfin, notre collection FORMAL propose des bandeaux aux couleurs chics et classiques, une solution parfaite pour les \u00e9v\u00e9nements et les c\u00e9l\u00e9brations \u00e0 l\u2019ext\u00e9rieur. Cette collection a suscit\u00e9 des commentaires favorables de femmes qui ont port\u00e9 le bandeau que pour son apparence, car elles n\u2019avaient m\u00eame pas de cicatrice \u00e0 prot\u00e9ger!<\/p>\t\t\t\t\t\t\t\t<\/div>\n\t\t\t\t<\/div>\n\t\t\t\t\t<\/div>\n\t\t<\/div>\n\t\t\t\t\t<\/div>\n\t\t<\/section>\n\t\t\t\t<\/div>\n\t\t","protected":false},"excerpt":{"rendered":"<p>\u00c0 propos de Bandino Bienvenue chez Bandino, o\u00f9 nous vous aidons \u00e0 prot\u00e9ger votre cicatrice au cou de fa\u00e7on simple, \u00e9l\u00e9gante et m\u00eame un peu amusante. Disponibles dans une vari\u00e9t\u00e9 de couleurs et de styles pour toute occasion, nous sommes s\u00fbrs que nos bandeaux pour le cou vous offriront une protection \u00e0 tout coup! Qu\u2019est-ce [&hellip;]<\/p>\n","protected":false},"author":1,"featured_media":0,"parent":1693,"menu_order":0,"comment_status":"closed","ping_status":"closed","template":"elementor_header_footer","meta":{"_acf_changed":false,"footnotes":""},"class_list":["post-1695","page","type-page","status-publish","hentry"],"acf":[],"yoast_head":"<!-- This site is optimized with the Yoast SEO plugin v27.2 - https:\/\/yoast.com\/product\/yoast-seo-wordpress\/ -->\n<title>\u00c0 Propos de Bandino<\/title>\n<meta name=\"robots\" content=\"index, follow, max-snippet:-1, max-image-preview:large, max-video-preview:-1\" \/>\n<link rel=\"canonical\" href=\"https:\/\/mybandino.com\/fr\/a-propos\/a-propos-de-bandino\/\" \/>\n<meta property=\"og:locale\" content=\"fr_FR\" \/>\n<meta property=\"og:type\" content=\"article\" \/>\n<meta property=\"og:title\" content=\"\u00c0 Propos de Bandino\" \/>\n<meta property=\"og:description\" content=\"\u00c0 propos de Bandino Bienvenue chez Bandino, o\u00f9 nous vous aidons \u00e0 prot\u00e9ger votre cicatrice au cou de fa\u00e7on simple, \u00e9l\u00e9gante et m\u00eame un peu amusante. Disponibles dans une vari\u00e9t\u00e9 de couleurs et de styles pour toute occasion, nous sommes s\u00fbrs que nos bandeaux pour le cou vous offriront une protection \u00e0 tout coup! Qu\u2019est-ce [&hellip;]\" \/>\n<meta property=\"og:url\" content=\"https:\/\/mybandino.com\/fr\/a-propos\/a-propos-de-bandino\/\" \/>\n<meta property=\"og:site_name\" content=\"Bandino\" \/>\n<meta property=\"article:publisher\" content=\"https:\/\/www.facebook.com\/MyBandino-722348998548099\" \/>\n<meta property=\"article:modified_time\" content=\"2021-09-02T21:11:45+00:00\" \/>\n<meta property=\"og:image\" content=\"https:\/\/mybandino.com\/wp-content\/uploads\/2021\/09\/facebook-thumbnail.jpg\" \/>\n\t<meta property=\"og:image:width\" content=\"1200\" \/>\n\t<meta property=\"og:image:height\" content=\"558\" \/>\n\t<meta property=\"og:image:type\" content=\"image\/jpeg\" \/>\n<meta name=\"twitter:card\" content=\"summary_large_image\" \/>\n<meta name=\"twitter:label1\" content=\"Dur\u00e9e de lecture estim\u00e9e\" \/>\n\t<meta name=\"twitter:data1\" content=\"2 minutes\" \/>\n<script type=\"application\/ld+json\" class=\"yoast-schema-graph\">{\"@context\":\"https:\/\/schema.org\",\"@graph\":[{\"@type\":\"WebPage\",\"@id\":\"https:\/\/mybandino.com\/fr\/a-propos\/a-propos-de-bandino\/\",\"url\":\"https:\/\/mybandino.com\/fr\/a-propos\/a-propos-de-bandino\/\",\"name\":\"\u00c0 Propos de Bandino\",\"isPartOf\":{\"@id\":\"https:\/\/mybandino.com\/#website\"},\"datePublished\":\"2021-08-11T15:11:58+00:00\",\"dateModified\":\"2021-09-02T21:11:45+00:00\",\"breadcrumb\":{\"@id\":\"https:\/\/mybandino.com\/fr\/a-propos\/a-propos-de-bandino\/#breadcrumb\"},\"inLanguage\":\"fr-FR\",\"potentialAction\":[{\"@type\":\"ReadAction\",\"target\":[\"https:\/\/mybandino.com\/fr\/a-propos\/a-propos-de-bandino\/\"]}]},{\"@type\":\"BreadcrumbList\",\"@id\":\"https:\/\/mybandino.com\/fr\/a-propos\/a-propos-de-bandino\/#breadcrumb\",\"itemListElement\":[{\"@type\":\"ListItem\",\"position\":1,\"name\":\"Home\",\"item\":\"https:\/\/mybandino.com\/\"},{\"@type\":\"ListItem\",\"position\":2,\"name\":\"\u00c0 propos\",\"item\":\"https:\/\/mybandino.com\/fr\/a-propos\/\"},{\"@type\":\"ListItem\",\"position\":3,\"name\":\"\u00c0 Propos de Bandino\"}]},{\"@type\":\"WebSite\",\"@id\":\"https:\/\/mybandino.com\/#website\",\"url\":\"https:\/\/mybandino.com\/\",\"name\":\"Bandino\",\"description\":\"Sleek &amp; stylish scar protection\",\"publisher\":{\"@id\":\"https:\/\/mybandino.com\/#organization\"},\"potentialAction\":[{\"@type\":\"SearchAction\",\"target\":{\"@type\":\"EntryPoint\",\"urlTemplate\":\"https:\/\/mybandino.com\/?s={search_term_string}\"},\"query-input\":{\"@type\":\"PropertyValueSpecification\",\"valueRequired\":true,\"valueName\":\"search_term_string\"}}],\"inLanguage\":\"fr-FR\"},{\"@type\":\"Organization\",\"@id\":\"https:\/\/mybandino.com\/#organization\",\"name\":\"Bandino\",\"url\":\"https:\/\/mybandino.com\/\",\"logo\":{\"@type\":\"ImageObject\",\"inLanguage\":\"fr-FR\",\"@id\":\"https:\/\/mybandino.com\/#\/schema\/logo\/image\/\",\"url\":\"https:\/\/mybandino.com\/wp-content\/uploads\/2021\/06\/logo.png\",\"contentUrl\":\"https:\/\/mybandino.com\/wp-content\/uploads\/2021\/06\/logo.png\",\"width\":750,\"height\":301,\"caption\":\"Bandino\"},\"image\":{\"@id\":\"https:\/\/mybandino.com\/#\/schema\/logo\/image\/\"},\"sameAs\":[\"https:\/\/www.facebook.com\/MyBandino-722348998548099\",\"https:\/\/www.instagram.com\/mybandino\/\"]}]}<\/script>\n<!-- \/ Yoast SEO plugin. -->","yoast_head_json":{"title":"\u00c0 Propos de Bandino","robots":{"index":"index","follow":"follow","max-snippet":"max-snippet:-1","max-image-preview":"max-image-preview:large","max-video-preview":"max-video-preview:-1"},"canonical":"https:\/\/mybandino.com\/fr\/a-propos\/a-propos-de-bandino\/","og_locale":"fr_FR","og_type":"article","og_title":"\u00c0 Propos de Bandino","og_description":"\u00c0 propos de Bandino Bienvenue chez Bandino, o\u00f9 nous vous aidons \u00e0 prot\u00e9ger votre cicatrice au cou de fa\u00e7on simple, \u00e9l\u00e9gante et m\u00eame un peu amusante. Disponibles dans une vari\u00e9t\u00e9 de couleurs et de styles pour toute occasion, nous sommes s\u00fbrs que nos bandeaux pour le cou vous offriront une protection \u00e0 tout coup! Qu\u2019est-ce [&hellip;]","og_url":"https:\/\/mybandino.com\/fr\/a-propos\/a-propos-de-bandino\/","og_site_name":"Bandino","article_publisher":"https:\/\/www.facebook.com\/MyBandino-722348998548099","article_modified_time":"2021-09-02T21:11:45+00:00","og_image":[{"width":1200,"height":558,"url":"https:\/\/mybandino.com\/wp-content\/uploads\/2021\/09\/facebook-thumbnail.jpg","type":"image\/jpeg"}],"twitter_card":"summary_large_image","twitter_misc":{"Dur\u00e9e de lecture estim\u00e9e":"2 minutes"},"schema":{"@context":"https:\/\/schema.org","@graph":[{"@type":"WebPage","@id":"https:\/\/mybandino.com\/fr\/a-propos\/a-propos-de-bandino\/","url":"https:\/\/mybandino.com\/fr\/a-propos\/a-propos-de-bandino\/","name":"\u00c0 Propos de Bandino","isPartOf":{"@id":"https:\/\/mybandino.com\/#website"},"datePublished":"2021-08-11T15:11:58+00:00","dateModified":"2021-09-02T21:11:45+00:00","breadcrumb":{"@id":"https:\/\/mybandino.com\/fr\/a-propos\/a-propos-de-bandino\/#breadcrumb"},"inLanguage":"fr-FR","potentialAction":[{"@type":"ReadAction","target":["https:\/\/mybandino.com\/fr\/a-propos\/a-propos-de-bandino\/"]}]},{"@type":"BreadcrumbList","@id":"https:\/\/mybandino.com\/fr\/a-propos\/a-propos-de-bandino\/#breadcrumb","itemListElement":[{"@type":"ListItem","position":1,"name":"Home","item":"https:\/\/mybandino.com\/"},{"@type":"ListItem","position":2,"name":"\u00c0 propos","item":"https:\/\/mybandino.com\/fr\/a-propos\/"},{"@type":"ListItem","position":3,"name":"\u00c0 Propos de Bandino"}]},{"@type":"WebSite","@id":"https:\/\/mybandino.com\/#website","url":"https:\/\/mybandino.com\/","name":"Bandino","description":"Sleek &amp; stylish scar protection","publisher":{"@id":"https:\/\/mybandino.com\/#organization"},"potentialAction":[{"@type":"SearchAction","target":{"@type":"EntryPoint","urlTemplate":"https:\/\/mybandino.com\/?s={search_term_string}"},"query-input":{"@type":"PropertyValueSpecification","valueRequired":true,"valueName":"search_term_string"}}],"inLanguage":"fr-FR"},{"@type":"Organization","@id":"https:\/\/mybandino.com\/#organization","name":"Bandino","url":"https:\/\/mybandino.com\/","logo":{"@type":"ImageObject","inLanguage":"fr-FR","@id":"https:\/\/mybandino.com\/#\/schema\/logo\/image\/","url":"https:\/\/mybandino.com\/wp-content\/uploads\/2021\/06\/logo.png","contentUrl":"https:\/\/mybandino.com\/wp-content\/uploads\/2021\/06\/logo.png","width":750,"height":301,"caption":"Bandino"},"image":{"@id":"https:\/\/mybandino.com\/#\/schema\/logo\/image\/"},"sameAs":["https:\/\/www.facebook.com\/MyBandino-722348998548099","https:\/\/www.instagram.com\/mybandino\/"]}]}},"jetpack_sharing_enabled":true,"_links":{"self":[{"href":"https:\/\/mybandino.com\/fr\/wp-json\/wp\/v2\/pages\/1695","targetHints":{"allow":["GET"]}}],"collection":[{"href":"https:\/\/mybandino.com\/fr\/wp-json\/wp\/v2\/pages"}],"about":[{"href":"https:\/\/mybandino.com\/fr\/wp-json\/wp\/v2\/types\/page"}],"author":[{"embeddable":true,"href":"https:\/\/mybandino.com\/fr\/wp-json\/wp\/v2\/users\/1"}],"replies":[{"embeddable":true,"href":"https:\/\/mybandino.com\/fr\/wp-json\/wp\/v2\/comments?post=1695"}],"version-history":[{"count":12,"href":"https:\/\/mybandino.com\/fr\/wp-json\/wp\/v2\/pages\/1695\/revisions"}],"predecessor-version":[{"id":2052,"href":"https:\/\/mybandino.com\/fr\/wp-json\/wp\/v2\/pages\/1695\/revisions\/2052"}],"up":[{"embeddable":true,"href":"https:\/\/mybandino.com\/fr\/wp-json\/wp\/v2\/pages\/1693"}],"wp:attachment":[{"href":"https:\/\/mybandino.com\/fr\/wp-json\/wp\/v2\/media?parent=1695"}],"curies":[{"name":"wp","href":"https:\/\/api.w.org\/{rel}","templated":true}]}}