{"id":1694,"date":"2021-08-11T11:12:24","date_gmt":"2021-08-11T15:12:24","guid":{"rendered":"https:\/\/mybandino.com\/about\/our-story\/"},"modified":"2021-08-27T12:34:27","modified_gmt":"2021-08-27T16:34:27","slug":"notre-histoire","status":"publish","type":"page","link":"https:\/\/mybandino.com\/fr\/a-propos\/notre-histoire\/","title":{"rendered":"Notre histoire"},"content":{"rendered":"\t\t<div data-elementor-type=\"wp-post\" data-elementor-id=\"1694\" class=\"elementor elementor-1694\">\n\t\t\t\t\t\t<section class=\"elementor-section elementor-top-section elementor-element elementor-element-17bb98b elementor-section-full_width elementor-section-height-min-height elementor-section-content-middle elementor-section-height-default elementor-section-items-middle\" data-id=\"17bb98b\" data-element_type=\"section\" data-e-type=\"section\" data-settings=\"{&quot;jet_parallax_layout_list&quot;:[{&quot;jet_parallax_layout_image&quot;:{&quot;url&quot;:&quot;&quot;,&quot;id&quot;:&quot;&quot;,&quot;size&quot;:&quot;&quot;},&quot;_id&quot;:&quot;db40f0f&quot;,&quot;jet_parallax_layout_speed&quot;:{&quot;unit&quot;:&quot;%&quot;,&quot;size&quot;:&quot;50&quot;,&quot;sizes&quot;:[]},&quot;jet_parallax_layout_bg_x&quot;:&quot;50&quot;,&quot;jet_parallax_layout_bg_y&quot;:&quot;50&quot;,&quot;jet_parallax_layout_image_tablet&quot;:{&quot;url&quot;:&quot;&quot;,&quot;id&quot;:&quot;&quot;,&quot;size&quot;:&quot;&quot;},&quot;jet_parallax_layout_image_mobile&quot;:{&quot;url&quot;:&quot;&quot;,&quot;id&quot;:&quot;&quot;,&quot;size&quot;:&quot;&quot;},&quot;jet_parallax_layout_type&quot;:&quot;scroll&quot;,&quot;jet_parallax_layout_direction&quot;:&quot;1&quot;,&quot;jet_parallax_layout_fx_direction&quot;:null,&quot;jet_parallax_layout_z_index&quot;:&quot;&quot;,&quot;jet_parallax_layout_bg_x_tablet&quot;:&quot;&quot;,&quot;jet_parallax_layout_bg_x_mobile&quot;:&quot;&quot;,&quot;jet_parallax_layout_bg_y_tablet&quot;:&quot;&quot;,&quot;jet_parallax_layout_bg_y_mobile&quot;:&quot;&quot;,&quot;jet_parallax_layout_bg_size&quot;:&quot;auto&quot;,&quot;jet_parallax_layout_bg_size_tablet&quot;:&quot;&quot;,&quot;jet_parallax_layout_bg_size_mobile&quot;:&quot;&quot;,&quot;jet_parallax_layout_animation_prop&quot;:&quot;transform&quot;,&quot;jet_parallax_layout_on&quot;:[&quot;desktop&quot;,&quot;tablet&quot;]}],&quot;background_background&quot;:&quot;classic&quot;}\">\n\t\t\t\t\t\t\t<div class=\"elementor-background-overlay\"><\/div>\n\t\t\t\t\t\t\t<div class=\"elementor-container elementor-column-gap-default\">\n\t\t\t\t\t<div class=\"elementor-column elementor-col-100 elementor-top-column elementor-element elementor-element-0415841\" data-id=\"0415841\" data-element_type=\"column\" data-e-type=\"column\">\n\t\t\t<div class=\"elementor-widget-wrap elementor-element-populated\">\n\t\t\t\t\t\t<div class=\"elementor-element elementor-element-b6c8589 elementor-align-center elementor-widget elementor-widget-raven-heading\" data-id=\"b6c8589\" data-element_type=\"widget\" data-e-type=\"widget\" data-widget_type=\"raven-heading.default\">\n\t\t\t\t<div class=\"elementor-widget-container\">\n\t\t\t\t\t\t\t<div class=\"raven-widget-wrapper\"><h1 class=\"raven-heading raven-heading-h1\"><span class=\"raven-heading-title \">Notre histoire<\/span><\/h1><\/div>\n\t\t\t\t\t\t<\/div>\n\t\t\t\t<\/div>\n\t\t\t\t\t<\/div>\n\t\t<\/div>\n\t\t\t\t\t<\/div>\n\t\t<\/section>\n\t\t\t\t<section class=\"elementor-section elementor-top-section elementor-element elementor-element-5bf17e2 elementor-section-boxed elementor-section-height-default elementor-section-height-default\" data-id=\"5bf17e2\" data-element_type=\"section\" data-e-type=\"section\" data-settings=\"{&quot;jet_parallax_layout_list&quot;:[{&quot;jet_parallax_layout_image&quot;:{&quot;url&quot;:&quot;&quot;,&quot;id&quot;:&quot;&quot;,&quot;size&quot;:&quot;&quot;},&quot;_id&quot;:&quot;db40f0f&quot;,&quot;jet_parallax_layout_speed&quot;:{&quot;unit&quot;:&quot;%&quot;,&quot;size&quot;:&quot;50&quot;,&quot;sizes&quot;:[]},&quot;jet_parallax_layout_bg_x&quot;:&quot;50&quot;,&quot;jet_parallax_layout_bg_y&quot;:&quot;50&quot;,&quot;jet_parallax_layout_image_tablet&quot;:{&quot;url&quot;:&quot;&quot;,&quot;id&quot;:&quot;&quot;,&quot;size&quot;:&quot;&quot;},&quot;jet_parallax_layout_image_mobile&quot;:{&quot;url&quot;:&quot;&quot;,&quot;id&quot;:&quot;&quot;,&quot;size&quot;:&quot;&quot;},&quot;jet_parallax_layout_type&quot;:&quot;scroll&quot;,&quot;jet_parallax_layout_direction&quot;:&quot;1&quot;,&quot;jet_parallax_layout_fx_direction&quot;:null,&quot;jet_parallax_layout_z_index&quot;:&quot;&quot;,&quot;jet_parallax_layout_bg_x_tablet&quot;:&quot;&quot;,&quot;jet_parallax_layout_bg_x_mobile&quot;:&quot;&quot;,&quot;jet_parallax_layout_bg_y_tablet&quot;:&quot;&quot;,&quot;jet_parallax_layout_bg_y_mobile&quot;:&quot;&quot;,&quot;jet_parallax_layout_bg_size&quot;:&quot;auto&quot;,&quot;jet_parallax_layout_bg_size_tablet&quot;:&quot;&quot;,&quot;jet_parallax_layout_bg_size_mobile&quot;:&quot;&quot;,&quot;jet_parallax_layout_animation_prop&quot;:&quot;transform&quot;,&quot;jet_parallax_layout_on&quot;:[&quot;desktop&quot;,&quot;tablet&quot;]}],&quot;background_background&quot;:&quot;classic&quot;}\">\n\t\t\t\t\t\t<div class=\"elementor-container elementor-column-gap-default\">\n\t\t\t\t\t<div class=\"elementor-column elementor-col-100 elementor-top-column elementor-element elementor-element-4b7b03f\" data-id=\"4b7b03f\" data-element_type=\"column\" data-e-type=\"column\">\n\t\t\t<div class=\"elementor-widget-wrap elementor-element-populated\">\n\t\t\t\t\t\t<div class=\"elementor-element elementor-element-fe9b399 elementor-widget elementor-widget-text-editor\" data-id=\"fe9b399\" data-element_type=\"widget\" data-e-type=\"widget\" data-widget_type=\"text-editor.default\">\n\t\t\t\t<div class=\"elementor-widget-container\">\n\t\t\t\t\t\t\t\t\t<p style=\"text-align: center;\">Bienvenue chez Bandino, o\u00f9 nous vous aidons \u00e0 prot\u00e9ger votre cicatrice au cou de fa\u00e7on simple, \u00e9l\u00e9gante et m\u00eame un peu amusante. Disponibles dans une vari\u00e9t\u00e9 de couleurs et de styles pour toute occasion, nous sommes s\u00fbrs que nos bandeaux pour le cou vous offriront <em>une protection \u00e0 tout coup!<\/em><\/p>\t\t\t\t\t\t\t\t<\/div>\n\t\t\t\t<\/div>\n\t\t\t\t<div class=\"elementor-element elementor-element-bcbc9fe elementor-widget elementor-widget-spacer\" data-id=\"bcbc9fe\" data-element_type=\"widget\" data-e-type=\"widget\" data-widget_type=\"spacer.default\">\n\t\t\t\t<div class=\"elementor-widget-container\">\n\t\t\t\t\t\t\t<div class=\"elementor-spacer\">\n\t\t\t<div class=\"elementor-spacer-inner\"><\/div>\n\t\t<\/div>\n\t\t\t\t\t\t<\/div>\n\t\t\t\t<\/div>\n\t\t\t\t<div class=\"elementor-element elementor-element-a67426b elementor-widget elementor-widget-text-editor\" data-id=\"a67426b\" data-element_type=\"widget\" data-e-type=\"widget\" data-widget_type=\"text-editor.default\">\n\t\t\t\t<div class=\"elementor-widget-container\">\n\t\t\t\t\t\t\t\t\t<p>Quelques mois avant de partir en voyage de r\u00eave \u00e0 Hawa\u00ef avec mon mari, j\u2019ai appris qu\u2019on devait m\u2019enlever la glande thyro\u00efde. Ce voyage n\u2019\u00e9tait pas remboursable et malgr\u00e9 l\u2019autorisation de mon m\u00e9decin d\u2019y aller, j\u2019\u00e9tais pr\u00e9occup\u00e9e par la protection de ma cicatrice lorsqu\u2019on irait nager, marcher sur la plage ou se promener en plein soleil. J\u2019avais quelques \u00e9charpes de grandeurs diff\u00e9rentes, mais porter une \u00e9charpe sur la plage n\u2019\u00e9tait tout simplement pas mon style. J\u2019avais besoin de quelque chose de petit, de l\u00e9ger et, comme je le disais \u00e0 l\u2019\u00e9poque, \u00ab\u2009<em>qui fait<\/em> <em>moins madame<\/em>\u2009\u00bb.<\/p><p>Lorsque j\u2019ai commenc\u00e9 \u00e0 me promener apr\u00e8s l\u2019intervention chirurgicale, je me couvrais le cou en portant un chandail \u00e0 col montant. Un jour, alors que je marchais, j\u2019ai r\u00e9alis\u00e9 que ma cicatrice \u00e9tait expos\u00e9e. Puisque j\u2019avais un bandeau pour la t\u00eate ainsi qu\u2019un \u00e9lastique pour queue de cheval \u00e0 port\u00e9e de main, j\u2019ai d\u00e9cid\u00e9 de faire glisser le bandeau sur ma t\u00eate et autour de mon cou et de le serrer \u00e0 l\u2019aide de l\u2019\u00e9lastique. M\u00eame si cela pouvait avoir l\u2019air un peu bizarre, l\u2019objectif \u00e9tait de prot\u00e9ger la cicatrice. De retour \u00e0 la maison, lorsque je suis all\u00e9e me rafra\u00eechir, j\u2019ai regard\u00e9 dans le miroir pour m\u2019apercevoir qu\u2019en fait\u2026 c\u2019\u00e9tait BEAU ! Voil\u00e0 ce dont j\u2019avais besoin pour le voyage. C\u2019est ainsi que j\u2019ai d\u00e9cid\u00e9 d\u2019acheter plusieurs bandeaux de diff\u00e9rentes couleurs puis d\u2019ajouter des boutons \u00e0 pression pour cr\u00e9er ma premi\u00e8re collection de bandeaux pour le cou.<\/p><p>Ces bandeaux se sont av\u00e9r\u00e9s parfaits pour Hawa\u00ef \u2014 je les portais pour la randonn\u00e9e, la natation, les promenades sur la plage et m\u00eame les sorties au restaurant, car le soleil se couchait tard et je voulais prot\u00e9ger ma cicatrice de mani\u00e8re \u00e9l\u00e9gante et discr\u00e8te. Ils ont \u00e9galement \u00e9t\u00e9 fort utiles pour un usage quotidien une fois de retour \u00e0 la maison.<\/p><p>J\u2019ai couvert ma cicatrice aussi longtemps que conseill\u00e9 par mon m\u00e9decin, tout en utilisant la cr\u00e8me qu\u2019il avait recommand\u00e9e. Aujourd\u2019hui, je peux affirmer qu\u2019elle est \u00e0 peine visible. Cela dit, j\u2019ai remarqu\u00e9 que si la cicatrice est expos\u00e9e au soleil pendant des p\u00e9riodes prolong\u00e9es, elle commence \u00e0 s\u2019assombrir et \u00e0 devenir plus prononc\u00e9e. Alors, que faire? Je porte encore mon Bandino lorsque je sors sur le lac, que je vais \u00e0 la plage ou lorsque je sais que mon cou sera expos\u00e9 au soleil pendant un certain temps.<\/p><p>Au moment o\u00f9 j\u2019ai con\u00e7u mes bandeaux, j\u2019\u00e9tais \u00e9tonn\u00e9e qu\u2019on ne retrouvait pas de produit similaire sur le march\u00e9 et je souhaitais partager cette id\u00e9e \u00e0 travers le monde. J\u2019ai donc d\u00e9cid\u00e9, au cours de la derni\u00e8re ann\u00e9e, de donner vie \u00e0 cette id\u00e9e et c\u2019est ainsi que Bandino a vu le jour.<\/p><p>Nous continuons \u00e0 d\u00e9velopper les bandeaux pour le cou avec de nouveaux styles, tissus et couleurs, car le but est de vous aider \u00e0 prot\u00e9ger votre cicatrice de fa\u00e7on \u00e0 la fois agr\u00e9able et tendance.<\/p><p>Si vous naviguez sur ce site pour un ami ou un \u00eatre cher, sachez que nous proposons des ensembles cadeaux ainsi qu\u2019un <em>Bouquet Bandino<\/em>.<\/p><p>Enfin, il me tenait \u00e0 c\u0153ur que ce projet puisse aussi contribuer \u00e0 soutenir la recherche sur le cancer de la glande thyro\u00efde. Ainsi, un pourcentage du produit de la vente de chaque Bandino est offert en don au d\u00e9partement <em>Oncologie cervico-faciale<\/em> <em>de l\u2019H\u00f4pital g\u00e9n\u00e9ral juif de Montr\u00e9al<\/em>. Il s\u2019agit de l\u2019h\u00f4pital o\u00f9 j\u2019ai \u00e9t\u00e9 soign\u00e9e et je serai toujours reconnaissante des soins attentionn\u00e9s prodigu\u00e9s par mon m\u00e9decin et tout le personnel.<\/p><p>J\u2019esp\u00e8re que vous aimerez porter votre Bandino et n\u2019oubliez surtout pas de partager vos photos avec nous sur les r\u00e9seaux sociaux!<\/p><p>Vous pouvez nous taguer @mybandino et utiliser hashtag #mybandino<\/p><p>En vous souhaitant un r\u00e9tablissement rapide et une merveilleuse saison,<\/p><p><img decoding=\"async\" class=\"alignnone size-full wp-image-875\" src=\"https:\/\/mybandino.com\/wp-content\/uploads\/2021\/06\/signature.jpg\" alt=\"\" width=\"192\" height=\"50\" \/><\/p>\t\t\t\t\t\t\t\t<\/div>\n\t\t\t\t<\/div>\n\t\t\t\t\t<\/div>\n\t\t<\/div>\n\t\t\t\t\t<\/div>\n\t\t<\/section>\n\t\t\t\t<\/div>\n\t\t","protected":false},"excerpt":{"rendered":"<p>Notre histoire Bienvenue chez Bandino, o\u00f9 nous vous aidons \u00e0 prot\u00e9ger votre cicatrice au cou de fa\u00e7on simple, \u00e9l\u00e9gante et m\u00eame un peu amusante. Disponibles dans une vari\u00e9t\u00e9 de couleurs et de styles pour toute occasion, nous sommes s\u00fbrs que nos bandeaux pour le cou vous offriront une protection \u00e0 tout coup! Quelques mois avant [&hellip;]<\/p>\n","protected":false},"author":1,"featured_media":0,"parent":1693,"menu_order":0,"comment_status":"closed","ping_status":"closed","template":"elementor_header_footer","meta":{"_acf_changed":false,"footnotes":""},"class_list":["post-1694","page","type-page","status-publish","hentry"],"acf":[],"yoast_head":"<!-- This site is optimized with the Yoast SEO plugin v27.2 - https:\/\/yoast.com\/product\/yoast-seo-wordpress\/ -->\n<title>Notre histoire<\/title>\n<meta name=\"robots\" content=\"index, follow, max-snippet:-1, max-image-preview:large, max-video-preview:-1\" \/>\n<link rel=\"canonical\" href=\"https:\/\/mybandino.com\/fr\/a-propos\/notre-histoire\/\" \/>\n<meta property=\"og:locale\" content=\"fr_FR\" \/>\n<meta property=\"og:type\" content=\"article\" \/>\n<meta property=\"og:title\" content=\"Notre histoire\" \/>\n<meta property=\"og:description\" content=\"Notre histoire Bienvenue chez Bandino, o\u00f9 nous vous aidons \u00e0 prot\u00e9ger votre cicatrice au cou de fa\u00e7on simple, \u00e9l\u00e9gante et m\u00eame un peu amusante. Disponibles dans une vari\u00e9t\u00e9 de couleurs et de styles pour toute occasion, nous sommes s\u00fbrs que nos bandeaux pour le cou vous offriront une protection \u00e0 tout coup! Quelques mois avant [&hellip;]\" \/>\n<meta property=\"og:url\" content=\"https:\/\/mybandino.com\/fr\/a-propos\/notre-histoire\/\" \/>\n<meta property=\"og:site_name\" content=\"Bandino\" \/>\n<meta property=\"article:publisher\" content=\"https:\/\/www.facebook.com\/MyBandino-722348998548099\" \/>\n<meta property=\"article:modified_time\" content=\"2021-08-27T16:34:27+00:00\" \/>\n<meta property=\"og:image\" content=\"https:\/\/mybandino.com\/wp-content\/uploads\/2021\/06\/signature.jpg\" \/>\n<meta name=\"twitter:card\" content=\"summary_large_image\" \/>\n<meta name=\"twitter:label1\" content=\"Dur\u00e9e de lecture estim\u00e9e\" \/>\n\t<meta name=\"twitter:data1\" content=\"4 minutes\" \/>\n<script type=\"application\/ld+json\" class=\"yoast-schema-graph\">{\"@context\":\"https:\/\/schema.org\",\"@graph\":[{\"@type\":\"WebPage\",\"@id\":\"https:\/\/mybandino.com\/fr\/a-propos\/notre-histoire\/\",\"url\":\"https:\/\/mybandino.com\/fr\/a-propos\/notre-histoire\/\",\"name\":\"Notre histoire\",\"isPartOf\":{\"@id\":\"https:\/\/mybandino.com\/#website\"},\"primaryImageOfPage\":{\"@id\":\"https:\/\/mybandino.com\/fr\/a-propos\/notre-histoire\/#primaryimage\"},\"image\":{\"@id\":\"https:\/\/mybandino.com\/fr\/a-propos\/notre-histoire\/#primaryimage\"},\"thumbnailUrl\":\"https:\/\/mybandino.com\/wp-content\/uploads\/2021\/06\/signature.jpg\",\"datePublished\":\"2021-08-11T15:12:24+00:00\",\"dateModified\":\"2021-08-27T16:34:27+00:00\",\"breadcrumb\":{\"@id\":\"https:\/\/mybandino.com\/fr\/a-propos\/notre-histoire\/#breadcrumb\"},\"inLanguage\":\"fr-FR\",\"potentialAction\":[{\"@type\":\"ReadAction\",\"target\":[\"https:\/\/mybandino.com\/fr\/a-propos\/notre-histoire\/\"]}]},{\"@type\":\"ImageObject\",\"inLanguage\":\"fr-FR\",\"@id\":\"https:\/\/mybandino.com\/fr\/a-propos\/notre-histoire\/#primaryimage\",\"url\":\"https:\/\/mybandino.com\/wp-content\/uploads\/2021\/06\/signature.jpg\",\"contentUrl\":\"https:\/\/mybandino.com\/wp-content\/uploads\/2021\/06\/signature.jpg\"},{\"@type\":\"BreadcrumbList\",\"@id\":\"https:\/\/mybandino.com\/fr\/a-propos\/notre-histoire\/#breadcrumb\",\"itemListElement\":[{\"@type\":\"ListItem\",\"position\":1,\"name\":\"Home\",\"item\":\"https:\/\/mybandino.com\/\"},{\"@type\":\"ListItem\",\"position\":2,\"name\":\"\u00c0 propos\",\"item\":\"https:\/\/mybandino.com\/fr\/a-propos\/\"},{\"@type\":\"ListItem\",\"position\":3,\"name\":\"Notre histoire\"}]},{\"@type\":\"WebSite\",\"@id\":\"https:\/\/mybandino.com\/#website\",\"url\":\"https:\/\/mybandino.com\/\",\"name\":\"Bandino\",\"description\":\"Sleek &amp; stylish scar protection\",\"publisher\":{\"@id\":\"https:\/\/mybandino.com\/#organization\"},\"potentialAction\":[{\"@type\":\"SearchAction\",\"target\":{\"@type\":\"EntryPoint\",\"urlTemplate\":\"https:\/\/mybandino.com\/?s={search_term_string}\"},\"query-input\":{\"@type\":\"PropertyValueSpecification\",\"valueRequired\":true,\"valueName\":\"search_term_string\"}}],\"inLanguage\":\"fr-FR\"},{\"@type\":\"Organization\",\"@id\":\"https:\/\/mybandino.com\/#organization\",\"name\":\"Bandino\",\"url\":\"https:\/\/mybandino.com\/\",\"logo\":{\"@type\":\"ImageObject\",\"inLanguage\":\"fr-FR\",\"@id\":\"https:\/\/mybandino.com\/#\/schema\/logo\/image\/\",\"url\":\"https:\/\/mybandino.com\/wp-content\/uploads\/2021\/06\/logo.png\",\"contentUrl\":\"https:\/\/mybandino.com\/wp-content\/uploads\/2021\/06\/logo.png\",\"width\":750,\"height\":301,\"caption\":\"Bandino\"},\"image\":{\"@id\":\"https:\/\/mybandino.com\/#\/schema\/logo\/image\/\"},\"sameAs\":[\"https:\/\/www.facebook.com\/MyBandino-722348998548099\",\"https:\/\/www.instagram.com\/mybandino\/\"]}]}<\/script>\n<!-- \/ Yoast SEO plugin. -->","yoast_head_json":{"title":"Notre histoire","robots":{"index":"index","follow":"follow","max-snippet":"max-snippet:-1","max-image-preview":"max-image-preview:large","max-video-preview":"max-video-preview:-1"},"canonical":"https:\/\/mybandino.com\/fr\/a-propos\/notre-histoire\/","og_locale":"fr_FR","og_type":"article","og_title":"Notre histoire","og_description":"Notre histoire Bienvenue chez Bandino, o\u00f9 nous vous aidons \u00e0 prot\u00e9ger votre cicatrice au cou de fa\u00e7on simple, \u00e9l\u00e9gante et m\u00eame un peu amusante. Disponibles dans une vari\u00e9t\u00e9 de couleurs et de styles pour toute occasion, nous sommes s\u00fbrs que nos bandeaux pour le cou vous offriront une protection \u00e0 tout coup! Quelques mois avant [&hellip;]","og_url":"https:\/\/mybandino.com\/fr\/a-propos\/notre-histoire\/","og_site_name":"Bandino","article_publisher":"https:\/\/www.facebook.com\/MyBandino-722348998548099","article_modified_time":"2021-08-27T16:34:27+00:00","og_image":[{"url":"https:\/\/mybandino.com\/wp-content\/uploads\/2021\/06\/signature.jpg","type":"","width":"","height":""}],"twitter_card":"summary_large_image","twitter_misc":{"Dur\u00e9e de lecture estim\u00e9e":"4 minutes"},"schema":{"@context":"https:\/\/schema.org","@graph":[{"@type":"WebPage","@id":"https:\/\/mybandino.com\/fr\/a-propos\/notre-histoire\/","url":"https:\/\/mybandino.com\/fr\/a-propos\/notre-histoire\/","name":"Notre histoire","isPartOf":{"@id":"https:\/\/mybandino.com\/#website"},"primaryImageOfPage":{"@id":"https:\/\/mybandino.com\/fr\/a-propos\/notre-histoire\/#primaryimage"},"image":{"@id":"https:\/\/mybandino.com\/fr\/a-propos\/notre-histoire\/#primaryimage"},"thumbnailUrl":"https:\/\/mybandino.com\/wp-content\/uploads\/2021\/06\/signature.jpg","datePublished":"2021-08-11T15:12:24+00:00","dateModified":"2021-08-27T16:34:27+00:00","breadcrumb":{"@id":"https:\/\/mybandino.com\/fr\/a-propos\/notre-histoire\/#breadcrumb"},"inLanguage":"fr-FR","potentialAction":[{"@type":"ReadAction","target":["https:\/\/mybandino.com\/fr\/a-propos\/notre-histoire\/"]}]},{"@type":"ImageObject","inLanguage":"fr-FR","@id":"https:\/\/mybandino.com\/fr\/a-propos\/notre-histoire\/#primaryimage","url":"https:\/\/mybandino.com\/wp-content\/uploads\/2021\/06\/signature.jpg","contentUrl":"https:\/\/mybandino.com\/wp-content\/uploads\/2021\/06\/signature.jpg"},{"@type":"BreadcrumbList","@id":"https:\/\/mybandino.com\/fr\/a-propos\/notre-histoire\/#breadcrumb","itemListElement":[{"@type":"ListItem","position":1,"name":"Home","item":"https:\/\/mybandino.com\/"},{"@type":"ListItem","position":2,"name":"\u00c0 propos","item":"https:\/\/mybandino.com\/fr\/a-propos\/"},{"@type":"ListItem","position":3,"name":"Notre histoire"}]},{"@type":"WebSite","@id":"https:\/\/mybandino.com\/#website","url":"https:\/\/mybandino.com\/","name":"Bandino","description":"Sleek &amp; stylish scar protection","publisher":{"@id":"https:\/\/mybandino.com\/#organization"},"potentialAction":[{"@type":"SearchAction","target":{"@type":"EntryPoint","urlTemplate":"https:\/\/mybandino.com\/?s={search_term_string}"},"query-input":{"@type":"PropertyValueSpecification","valueRequired":true,"valueName":"search_term_string"}}],"inLanguage":"fr-FR"},{"@type":"Organization","@id":"https:\/\/mybandino.com\/#organization","name":"Bandino","url":"https:\/\/mybandino.com\/","logo":{"@type":"ImageObject","inLanguage":"fr-FR","@id":"https:\/\/mybandino.com\/#\/schema\/logo\/image\/","url":"https:\/\/mybandino.com\/wp-content\/uploads\/2021\/06\/logo.png","contentUrl":"https:\/\/mybandino.com\/wp-content\/uploads\/2021\/06\/logo.png","width":750,"height":301,"caption":"Bandino"},"image":{"@id":"https:\/\/mybandino.com\/#\/schema\/logo\/image\/"},"sameAs":["https:\/\/www.facebook.com\/MyBandino-722348998548099","https:\/\/www.instagram.com\/mybandino\/"]}]}},"jetpack_sharing_enabled":true,"_links":{"self":[{"href":"https:\/\/mybandino.com\/fr\/wp-json\/wp\/v2\/pages\/1694","targetHints":{"allow":["GET"]}}],"collection":[{"href":"https:\/\/mybandino.com\/fr\/wp-json\/wp\/v2\/pages"}],"about":[{"href":"https:\/\/mybandino.com\/fr\/wp-json\/wp\/v2\/types\/page"}],"author":[{"embeddable":true,"href":"https:\/\/mybandino.com\/fr\/wp-json\/wp\/v2\/users\/1"}],"replies":[{"embeddable":true,"href":"https:\/\/mybandino.com\/fr\/wp-json\/wp\/v2\/comments?post=1694"}],"version-history":[{"count":6,"href":"https:\/\/mybandino.com\/fr\/wp-json\/wp\/v2\/pages\/1694\/revisions"}],"predecessor-version":[{"id":1900,"href":"https:\/\/mybandino.com\/fr\/wp-json\/wp\/v2\/pages\/1694\/revisions\/1900"}],"up":[{"embeddable":true,"href":"https:\/\/mybandino.com\/fr\/wp-json\/wp\/v2\/pages\/1693"}],"wp:attachment":[{"href":"https:\/\/mybandino.com\/fr\/wp-json\/wp\/v2\/media?parent=1694"}],"curies":[{"name":"wp","href":"https:\/\/api.w.org\/{rel}","templated":true}]}}