{"id":1692,"date":"2021-08-11T14:23:26","date_gmt":"2021-08-11T18:23:26","guid":{"rendered":"https:\/\/mybandino.com\/faq\/"},"modified":"2021-08-31T09:44:18","modified_gmt":"2021-08-31T13:44:18","slug":"faq","status":"publish","type":"page","link":"https:\/\/mybandino.com\/fr\/faq\/","title":{"rendered":"FAQ"},"content":{"rendered":"\t\t<div data-elementor-type=\"wp-post\" data-elementor-id=\"1692\" class=\"elementor elementor-1692\">\n\t\t\t\t\t\t<section class=\"elementor-section elementor-top-section elementor-element elementor-element-efd9827 elementor-section-full_width elementor-section-height-min-height elementor-section-content-middle elementor-section-height-default elementor-section-items-middle\" data-id=\"efd9827\" data-element_type=\"section\" data-e-type=\"section\" data-settings=\"{&quot;jet_parallax_layout_list&quot;:[{&quot;jet_parallax_layout_image&quot;:{&quot;url&quot;:&quot;&quot;,&quot;id&quot;:&quot;&quot;,&quot;size&quot;:&quot;&quot;},&quot;_id&quot;:&quot;db40f0f&quot;,&quot;jet_parallax_layout_speed&quot;:{&quot;unit&quot;:&quot;%&quot;,&quot;size&quot;:&quot;50&quot;,&quot;sizes&quot;:[]},&quot;jet_parallax_layout_bg_x&quot;:&quot;50&quot;,&quot;jet_parallax_layout_bg_y&quot;:&quot;50&quot;,&quot;jet_parallax_layout_image_tablet&quot;:{&quot;url&quot;:&quot;&quot;,&quot;id&quot;:&quot;&quot;,&quot;size&quot;:&quot;&quot;},&quot;jet_parallax_layout_image_mobile&quot;:{&quot;url&quot;:&quot;&quot;,&quot;id&quot;:&quot;&quot;,&quot;size&quot;:&quot;&quot;},&quot;jet_parallax_layout_type&quot;:&quot;scroll&quot;,&quot;jet_parallax_layout_direction&quot;:&quot;1&quot;,&quot;jet_parallax_layout_fx_direction&quot;:null,&quot;jet_parallax_layout_z_index&quot;:&quot;&quot;,&quot;jet_parallax_layout_bg_x_tablet&quot;:&quot;&quot;,&quot;jet_parallax_layout_bg_x_mobile&quot;:&quot;&quot;,&quot;jet_parallax_layout_bg_y_tablet&quot;:&quot;&quot;,&quot;jet_parallax_layout_bg_y_mobile&quot;:&quot;&quot;,&quot;jet_parallax_layout_bg_size&quot;:&quot;auto&quot;,&quot;jet_parallax_layout_bg_size_tablet&quot;:&quot;&quot;,&quot;jet_parallax_layout_bg_size_mobile&quot;:&quot;&quot;,&quot;jet_parallax_layout_animation_prop&quot;:&quot;transform&quot;,&quot;jet_parallax_layout_on&quot;:[&quot;desktop&quot;,&quot;tablet&quot;]}],&quot;background_background&quot;:&quot;classic&quot;}\">\n\t\t\t\t\t\t\t<div class=\"elementor-background-overlay\"><\/div>\n\t\t\t\t\t\t\t<div class=\"elementor-container elementor-column-gap-default\">\n\t\t\t\t\t<div class=\"elementor-column elementor-col-100 elementor-top-column elementor-element elementor-element-4112462\" data-id=\"4112462\" data-element_type=\"column\" data-e-type=\"column\">\n\t\t\t<div class=\"elementor-widget-wrap elementor-element-populated\">\n\t\t\t\t\t\t<div class=\"elementor-element elementor-element-eefe328 elementor-align-center elementor-widget elementor-widget-raven-heading\" data-id=\"eefe328\" data-element_type=\"widget\" data-e-type=\"widget\" data-widget_type=\"raven-heading.default\">\n\t\t\t\t<div class=\"elementor-widget-container\">\n\t\t\t\t\t\t\t<div class=\"raven-widget-wrapper\"><h1 class=\"raven-heading raven-heading-h1\"><span class=\"raven-heading-title \">FAQ<\/span><\/h1><\/div>\n\t\t\t\t\t\t<\/div>\n\t\t\t\t<\/div>\n\t\t\t\t\t<\/div>\n\t\t<\/div>\n\t\t\t\t\t<\/div>\n\t\t<\/section>\n\t\t\t\t<section class=\"elementor-section elementor-top-section elementor-element elementor-element-5bf17e2 elementor-section-boxed elementor-section-height-default elementor-section-height-default\" data-id=\"5bf17e2\" data-element_type=\"section\" data-e-type=\"section\" data-settings=\"{&quot;jet_parallax_layout_list&quot;:[{&quot;jet_parallax_layout_image&quot;:{&quot;url&quot;:&quot;&quot;,&quot;id&quot;:&quot;&quot;,&quot;size&quot;:&quot;&quot;},&quot;_id&quot;:&quot;db40f0f&quot;,&quot;jet_parallax_layout_speed&quot;:{&quot;unit&quot;:&quot;%&quot;,&quot;size&quot;:&quot;50&quot;,&quot;sizes&quot;:[]},&quot;jet_parallax_layout_bg_x&quot;:&quot;50&quot;,&quot;jet_parallax_layout_bg_y&quot;:&quot;50&quot;,&quot;jet_parallax_layout_image_tablet&quot;:{&quot;url&quot;:&quot;&quot;,&quot;id&quot;:&quot;&quot;,&quot;size&quot;:&quot;&quot;},&quot;jet_parallax_layout_image_mobile&quot;:{&quot;url&quot;:&quot;&quot;,&quot;id&quot;:&quot;&quot;,&quot;size&quot;:&quot;&quot;},&quot;jet_parallax_layout_type&quot;:&quot;scroll&quot;,&quot;jet_parallax_layout_direction&quot;:&quot;1&quot;,&quot;jet_parallax_layout_fx_direction&quot;:null,&quot;jet_parallax_layout_z_index&quot;:&quot;&quot;,&quot;jet_parallax_layout_bg_x_tablet&quot;:&quot;&quot;,&quot;jet_parallax_layout_bg_x_mobile&quot;:&quot;&quot;,&quot;jet_parallax_layout_bg_y_tablet&quot;:&quot;&quot;,&quot;jet_parallax_layout_bg_y_mobile&quot;:&quot;&quot;,&quot;jet_parallax_layout_bg_size&quot;:&quot;auto&quot;,&quot;jet_parallax_layout_bg_size_tablet&quot;:&quot;&quot;,&quot;jet_parallax_layout_bg_size_mobile&quot;:&quot;&quot;,&quot;jet_parallax_layout_animation_prop&quot;:&quot;transform&quot;,&quot;jet_parallax_layout_on&quot;:[&quot;desktop&quot;,&quot;tablet&quot;]}],&quot;background_background&quot;:&quot;classic&quot;}\">\n\t\t\t\t\t\t<div class=\"elementor-container elementor-column-gap-default\">\n\t\t\t\t\t<div class=\"elementor-column elementor-col-100 elementor-top-column elementor-element elementor-element-4b7b03f\" data-id=\"4b7b03f\" data-element_type=\"column\" data-e-type=\"column\">\n\t\t\t<div class=\"elementor-widget-wrap elementor-element-populated\">\n\t\t\t\t\t\t<div class=\"elementor-element elementor-element-a67426b elementor-widget elementor-widget-text-editor\" data-id=\"a67426b\" data-element_type=\"widget\" data-e-type=\"widget\" data-widget_type=\"text-editor.default\">\n\t\t\t\t<div class=\"elementor-widget-container\">\n\t\t\t\t\t\t\t\t\t<p><span style=\"color: #d064a5;\"><strong>Q\u00a0: Les bandeaux pour le cou Bandino sont-ils r\u00e9glables?<\/strong><\/span><\/p><p>R\u00a0: Oui. Il y a quatre boutons-pression qui permettent un ajustement de quatre tailles diff\u00e9rentes du Bandino. Vous remarquerez que vous pouvez utiliser un r\u00e9glage moins serr\u00e9 du bandeau SWIM lorsqu\u2019il est sec, puis choisir un r\u00e9glage plus serr\u00e9 lorsqu\u2019il est mouill\u00e9, car il peut s\u2019\u00e9tirer une fois dans l\u2019eau.<\/p><p><span style=\"color: #d064a5;\"><strong>Q\u00a0: La promotion\u00a03 pour 45\u00a0$ s\u2019applique-t-elle si je choisis des bandeaux de diff\u00e9rentes collections? <\/strong><\/span><\/p><p>R\u00a0: Oui. Tous les bandeaux Bandino des collections EVERYDAY, SWIM et ACTIVE sont offerts au prix de 3 pour 45\u00a0$. Seuls les bandeaux FORMAL ne sont pas inclus dans le cadre de cette promotion.<\/p><p><span style=\"color: #d064a5;\"><strong>Q\u00a0: Si je pr\u00e9f\u00e8re prendre un ensemble, puis-je choisir mes propres couleurs? <\/strong><\/span><\/p><p>R\u00a0: Bien s\u00fbr! On peut personnaliser la plupart de nos ensembles, c\u2019est-\u00e0-dire que vous pouvez choisir l\u2019une des couleurs disponibles dans la collection. Vous n\u2019avez qu\u2019\u00e0 suivre les instructions en haut de la page de l\u2019offre d\u2019ensembles pour faire vos choix.<\/p><p><span style=\"color: #d064a5;\"><strong>Q\u00a0: De combien de bandeaux Bandino ai-je besoin? <\/strong><\/span><\/p><p>R\u00a0: Bien qu\u2019il s\u2019agisse d\u2019une d\u00e9cision enti\u00e8rement personnelle, nous vous recommandons d\u2019avoir au moins deux bandeaux dans votre collection afin de pouvoir en porter un lorsque l\u2019autre doit \u00eatre lav\u00e9. Cela dit, les bandeaux des diff\u00e9rentes collections servent \u00e0 diverses fins, donc selon votre style de vie, un assortiment peut \u00eatre la solution. En cas d\u2019incertitude, nous vous invitons \u00e0 consulter la page <a href=\"https:\/\/mybandino.com\/fr\/collections\/cadeaux-et-ensembles\/\">Cadeaux et ensembles<\/a>. <em>Ensemble d\u00e9butant<\/em>, <em>Strict n\u00e9cessaire<\/em> et <em>Essentiels <\/em>sont de bons points de d\u00e9part.<\/p><p><span style=\"color: #d064a5;\"><strong>Q\u00a0: Comment dois-je entretenir mon bandeau Bandino? <\/strong><\/span><\/p><p>R\u00a0: Nous recommandons de faire attention lorsque vous d\u00e9tachez votre bandeau Bandino pour \u00e9viter une d\u00e9chirure du tissu. Il est \u00e9galement pr\u00e9f\u00e9rable de le laver \u00e0 la main \u00e0 l\u2019eau froide et de le suspendre pour s\u00e9cher.<\/p><p><span style=\"color: #d064a5;\"><strong>Q\u00a0: Offrez-vous des coupons-cadeaux ou des cartes-cadeaux? <\/strong><\/span><\/p><p>R\u00a0: Malheureusement, nous n\u2019en offrant pas. Cependant, nous proposons un assortiment de cadeaux et d\u2019ensembles, notamment le Bandino <em>Bloom<\/em> et le Bandino <em>Bouquet<\/em>, qui font d\u2019excellents cadeaux pour un \u00eatre cher \u00e0 la suite d\u2019une intervention chirurgicale de la thyro\u00efde.<\/p>\t\t\t\t\t\t\t\t<\/div>\n\t\t\t\t<\/div>\n\t\t\t\t\t<\/div>\n\t\t<\/div>\n\t\t\t\t\t<\/div>\n\t\t<\/section>\n\t\t\t\t<\/div>\n\t\t","protected":false},"excerpt":{"rendered":"<p>FAQ Q\u00a0: Les bandeaux pour le cou Bandino sont-ils r\u00e9glables? R\u00a0: Oui. Il y a quatre boutons-pression qui permettent un ajustement de quatre tailles diff\u00e9rentes du Bandino. Vous remarquerez que vous pouvez utiliser un r\u00e9glage moins serr\u00e9 du bandeau SWIM lorsqu\u2019il est sec, puis choisir un r\u00e9glage plus serr\u00e9 lorsqu\u2019il est mouill\u00e9, car il peut [&hellip;]<\/p>\n","protected":false},"author":1,"featured_media":0,"parent":0,"menu_order":0,"comment_status":"closed","ping_status":"closed","template":"elementor_header_footer","meta":{"_acf_changed":false,"footnotes":""},"class_list":["post-1692","page","type-page","status-publish","hentry"],"acf":[],"yoast_head":"<!-- This site is optimized with the Yoast SEO plugin v27.2 - https:\/\/yoast.com\/product\/yoast-seo-wordpress\/ -->\n<title>FAQ<\/title>\n<meta name=\"robots\" content=\"index, follow, max-snippet:-1, max-image-preview:large, max-video-preview:-1\" \/>\n<link rel=\"canonical\" href=\"https:\/\/mybandino.com\/fr\/faq\/\" \/>\n<meta property=\"og:locale\" content=\"fr_FR\" \/>\n<meta property=\"og:type\" content=\"article\" \/>\n<meta property=\"og:title\" content=\"FAQ\" \/>\n<meta property=\"og:description\" content=\"FAQ Q\u00a0: Les bandeaux pour le cou Bandino sont-ils r\u00e9glables? R\u00a0: Oui. Il y a quatre boutons-pression qui permettent un ajustement de quatre tailles diff\u00e9rentes du Bandino. Vous remarquerez que vous pouvez utiliser un r\u00e9glage moins serr\u00e9 du bandeau SWIM lorsqu\u2019il est sec, puis choisir un r\u00e9glage plus serr\u00e9 lorsqu\u2019il est mouill\u00e9, car il peut [&hellip;]\" \/>\n<meta property=\"og:url\" content=\"https:\/\/mybandino.com\/fr\/faq\/\" \/>\n<meta property=\"og:site_name\" content=\"Bandino\" \/>\n<meta property=\"article:publisher\" content=\"https:\/\/www.facebook.com\/MyBandino-722348998548099\" \/>\n<meta property=\"article:modified_time\" content=\"2021-08-31T13:44:18+00:00\" \/>\n<meta property=\"og:image\" content=\"https:\/\/mybandino.com\/wp-content\/uploads\/2021\/09\/facebook-thumbnail.jpg\" \/>\n\t<meta property=\"og:image:width\" content=\"1200\" \/>\n\t<meta property=\"og:image:height\" content=\"558\" \/>\n\t<meta property=\"og:image:type\" content=\"image\/jpeg\" \/>\n<meta name=\"twitter:card\" content=\"summary_large_image\" \/>\n<meta name=\"twitter:label1\" content=\"Dur\u00e9e de lecture estim\u00e9e\" \/>\n\t<meta name=\"twitter:data1\" content=\"2 minutes\" \/>\n<script type=\"application\/ld+json\" class=\"yoast-schema-graph\">{\"@context\":\"https:\/\/schema.org\",\"@graph\":[{\"@type\":\"WebPage\",\"@id\":\"https:\/\/mybandino.com\/fr\/faq\/\",\"url\":\"https:\/\/mybandino.com\/fr\/faq\/\",\"name\":\"FAQ\",\"isPartOf\":{\"@id\":\"https:\/\/mybandino.com\/#website\"},\"datePublished\":\"2021-08-11T18:23:26+00:00\",\"dateModified\":\"2021-08-31T13:44:18+00:00\",\"breadcrumb\":{\"@id\":\"https:\/\/mybandino.com\/fr\/faq\/#breadcrumb\"},\"inLanguage\":\"fr-FR\",\"potentialAction\":[{\"@type\":\"ReadAction\",\"target\":[\"https:\/\/mybandino.com\/fr\/faq\/\"]}]},{\"@type\":\"BreadcrumbList\",\"@id\":\"https:\/\/mybandino.com\/fr\/faq\/#breadcrumb\",\"itemListElement\":[{\"@type\":\"ListItem\",\"position\":1,\"name\":\"Home\",\"item\":\"https:\/\/mybandino.com\/\"},{\"@type\":\"ListItem\",\"position\":2,\"name\":\"FAQ\"}]},{\"@type\":\"WebSite\",\"@id\":\"https:\/\/mybandino.com\/#website\",\"url\":\"https:\/\/mybandino.com\/\",\"name\":\"Bandino\",\"description\":\"Sleek &amp; stylish scar protection\",\"publisher\":{\"@id\":\"https:\/\/mybandino.com\/#organization\"},\"potentialAction\":[{\"@type\":\"SearchAction\",\"target\":{\"@type\":\"EntryPoint\",\"urlTemplate\":\"https:\/\/mybandino.com\/?s={search_term_string}\"},\"query-input\":{\"@type\":\"PropertyValueSpecification\",\"valueRequired\":true,\"valueName\":\"search_term_string\"}}],\"inLanguage\":\"fr-FR\"},{\"@type\":\"Organization\",\"@id\":\"https:\/\/mybandino.com\/#organization\",\"name\":\"Bandino\",\"url\":\"https:\/\/mybandino.com\/\",\"logo\":{\"@type\":\"ImageObject\",\"inLanguage\":\"fr-FR\",\"@id\":\"https:\/\/mybandino.com\/#\/schema\/logo\/image\/\",\"url\":\"https:\/\/mybandino.com\/wp-content\/uploads\/2021\/06\/logo.png\",\"contentUrl\":\"https:\/\/mybandino.com\/wp-content\/uploads\/2021\/06\/logo.png\",\"width\":750,\"height\":301,\"caption\":\"Bandino\"},\"image\":{\"@id\":\"https:\/\/mybandino.com\/#\/schema\/logo\/image\/\"},\"sameAs\":[\"https:\/\/www.facebook.com\/MyBandino-722348998548099\",\"https:\/\/www.instagram.com\/mybandino\/\"]}]}<\/script>\n<!-- \/ Yoast SEO plugin. -->","yoast_head_json":{"title":"FAQ","robots":{"index":"index","follow":"follow","max-snippet":"max-snippet:-1","max-image-preview":"max-image-preview:large","max-video-preview":"max-video-preview:-1"},"canonical":"https:\/\/mybandino.com\/fr\/faq\/","og_locale":"fr_FR","og_type":"article","og_title":"FAQ","og_description":"FAQ Q\u00a0: Les bandeaux pour le cou Bandino sont-ils r\u00e9glables? R\u00a0: Oui. Il y a quatre boutons-pression qui permettent un ajustement de quatre tailles diff\u00e9rentes du Bandino. Vous remarquerez que vous pouvez utiliser un r\u00e9glage moins serr\u00e9 du bandeau SWIM lorsqu\u2019il est sec, puis choisir un r\u00e9glage plus serr\u00e9 lorsqu\u2019il est mouill\u00e9, car il peut [&hellip;]","og_url":"https:\/\/mybandino.com\/fr\/faq\/","og_site_name":"Bandino","article_publisher":"https:\/\/www.facebook.com\/MyBandino-722348998548099","article_modified_time":"2021-08-31T13:44:18+00:00","og_image":[{"width":1200,"height":558,"url":"https:\/\/mybandino.com\/wp-content\/uploads\/2021\/09\/facebook-thumbnail.jpg","type":"image\/jpeg"}],"twitter_card":"summary_large_image","twitter_misc":{"Dur\u00e9e de lecture estim\u00e9e":"2 minutes"},"schema":{"@context":"https:\/\/schema.org","@graph":[{"@type":"WebPage","@id":"https:\/\/mybandino.com\/fr\/faq\/","url":"https:\/\/mybandino.com\/fr\/faq\/","name":"FAQ","isPartOf":{"@id":"https:\/\/mybandino.com\/#website"},"datePublished":"2021-08-11T18:23:26+00:00","dateModified":"2021-08-31T13:44:18+00:00","breadcrumb":{"@id":"https:\/\/mybandino.com\/fr\/faq\/#breadcrumb"},"inLanguage":"fr-FR","potentialAction":[{"@type":"ReadAction","target":["https:\/\/mybandino.com\/fr\/faq\/"]}]},{"@type":"BreadcrumbList","@id":"https:\/\/mybandino.com\/fr\/faq\/#breadcrumb","itemListElement":[{"@type":"ListItem","position":1,"name":"Home","item":"https:\/\/mybandino.com\/"},{"@type":"ListItem","position":2,"name":"FAQ"}]},{"@type":"WebSite","@id":"https:\/\/mybandino.com\/#website","url":"https:\/\/mybandino.com\/","name":"Bandino","description":"Sleek &amp; stylish scar protection","publisher":{"@id":"https:\/\/mybandino.com\/#organization"},"potentialAction":[{"@type":"SearchAction","target":{"@type":"EntryPoint","urlTemplate":"https:\/\/mybandino.com\/?s={search_term_string}"},"query-input":{"@type":"PropertyValueSpecification","valueRequired":true,"valueName":"search_term_string"}}],"inLanguage":"fr-FR"},{"@type":"Organization","@id":"https:\/\/mybandino.com\/#organization","name":"Bandino","url":"https:\/\/mybandino.com\/","logo":{"@type":"ImageObject","inLanguage":"fr-FR","@id":"https:\/\/mybandino.com\/#\/schema\/logo\/image\/","url":"https:\/\/mybandino.com\/wp-content\/uploads\/2021\/06\/logo.png","contentUrl":"https:\/\/mybandino.com\/wp-content\/uploads\/2021\/06\/logo.png","width":750,"height":301,"caption":"Bandino"},"image":{"@id":"https:\/\/mybandino.com\/#\/schema\/logo\/image\/"},"sameAs":["https:\/\/www.facebook.com\/MyBandino-722348998548099","https:\/\/www.instagram.com\/mybandino\/"]}]}},"jetpack_sharing_enabled":true,"_links":{"self":[{"href":"https:\/\/mybandino.com\/fr\/wp-json\/wp\/v2\/pages\/1692","targetHints":{"allow":["GET"]}}],"collection":[{"href":"https:\/\/mybandino.com\/fr\/wp-json\/wp\/v2\/pages"}],"about":[{"href":"https:\/\/mybandino.com\/fr\/wp-json\/wp\/v2\/types\/page"}],"author":[{"embeddable":true,"href":"https:\/\/mybandino.com\/fr\/wp-json\/wp\/v2\/users\/1"}],"replies":[{"embeddable":true,"href":"https:\/\/mybandino.com\/fr\/wp-json\/wp\/v2\/comments?post=1692"}],"version-history":[{"count":8,"href":"https:\/\/mybandino.com\/fr\/wp-json\/wp\/v2\/pages\/1692\/revisions"}],"predecessor-version":[{"id":1983,"href":"https:\/\/mybandino.com\/fr\/wp-json\/wp\/v2\/pages\/1692\/revisions\/1983"}],"wp:attachment":[{"href":"https:\/\/mybandino.com\/fr\/wp-json\/wp\/v2\/media?parent=1692"}],"curies":[{"name":"wp","href":"https:\/\/api.w.org\/{rel}","templated":true}]}}